{"id":2090,"date":"2024-02-16T14:15:20","date_gmt":"2024-02-16T13:15:20","guid":{"rendered":"https:\/\/menorcalodges.com\/politique-de-confidentialite\/"},"modified":"2024-04-15T09:45:00","modified_gmt":"2024-04-15T07:45:00","slug":"riservatezza","status":"publish","type":"page","link":"https:\/\/menorcalodges.com\/it\/riservatezza\/","title":{"rendered":"Riservatezza"},"content":{"rendered":"<p style=\"text-align: justify;\"><strong>Informativa sulla privacy relativa al sito www.menorca-lodges.com<\/strong><\/p>\n<p>La presente informativa sulla privacy definisce e informa l&#8217;utente sul modo in cui il Proprietario del Sito utilizza e protegge le informazioni che l&#8217;Utente trasmette, ove applicabile, quando utilizza il Sito accessibile dal seguente URL: www.menorca -lodges.com (di seguito il \u201cSito &#8220;).<\/p>\n<p>Si prega di notare che la presente politica di riservatezza pu\u00f2 essere modificata o integrata in qualsiasi momento, in particolare al fine di conformarsi a eventuali sviluppi legislativi, regolamentari, giurisprudenziali o tecnologici. In tal caso, la data del suo aggiornamento sar\u00e0 chiaramente identificata nella parte superiore di questa politica. Queste modifiche vincolano l&#8217;Utente non appena vengono messe online. L&#8217;Utente dovrebbe pertanto consultare regolarmente la presente politica sulla riservatezza e sull&#8217;uso dei cookie per essere a conoscenza di eventuali modifiche.<\/p>\n<p style=\"text-align: justify;\"><strong>I. Dati personali<\/strong><\/p>\n<p>In generale, \u00e8 possibile visitare il Sito senza fornire alcuna informazione personale su di s\u00e9. In ogni caso, non sei in alcun modo obbligato a trasmettere tali informazioni al Titolare del Sito.<\/p>\n<p>Tuttavia, in caso di rifiuto, potresti non essere in grado di beneficiare di alcune informazioni o servizi che hai richiesto. Pertanto, in alcuni casi, il Titolare potrebbe essere tenuto a chiederti di fornire il tuo nome, nome, indirizzo postale, indirizzo e-mail, numero di telefono, azienda e posizione e altre informazioni che ti riguardano (di seguito le \u201cInformazioni Personali\u201d). . Fornendo tali dati, accetti espressamente che gli stessi siano trattati dal Titolare del Sito, per le finalit\u00e0 indicate al successivo punto 2 nonch\u00e9 per le finalit\u00e0 eventualmente richiamate alla fine di ciascun form.<\/p>\n<p>In conformit\u00e0 con il Regolamento generale sulla protezione dei dati adottato dal Parlamento Europeo il 14 aprile 2016 e la legge sulla protezione dei dati del 6 gennaio 1978 come modificata, SOS GRPD ti informa dei seguenti punti:<\/p>\n<p style=\"text-align: justify;\"><strong>1. Identit\u00e0 del titolare del trattamento<\/strong><\/p>\n<p style=\"text-align: justify;\">Il titolare del trattamento \u00e8 il Titolare del Sito i cui recapiti sono indicati sul Sito.<\/p>\n<p style=\"text-align: justify;\"><strong>2. Finalit\u00e0 del trattamento<\/strong><\/p>\n<p>Il Proprietario del SITO pu\u00f2 trattare i tuoi Dati Personali:<\/p>\n<p>(a) allo scopo di fornirti le informazioni o i servizi che hai richiesto (in particolare: invio della Newsletter, offerte commerciali, white paper o anche valutare il tuo livello di conformit\u00e0 tramite un quiz); e o<\/p>\n<p>(b) allo scopo di raccogliere informazioni che ci consentono di migliorare il Sito, i prodotti e i servizi (in particolare attraverso i cookie); e o<\/p>\n<p>(c) allo scopo di poterti contattare in merito a vari eventi relativi al rapporto commerciale, inclusi in particolare aggiornamenti sui prodotti e assistenza clienti.<\/p>\n<p style=\"text-align: justify;\"><strong>3. Destinatari<\/strong><\/p>\n<p style=\"text-align: justify;\">Solo il Proprietario del Sito \u00e8 il destinatario delle tue Informazioni Personali. Questi, sia in forma individuale che aggregata, non vengono mai trasmessi a terzi, nonostante i subappaltatori utilizzati dal Titolare del Sito (troverai maggiori informazioni a riguardo al successivo punto 7). N\u00e9 il Proprietario del Sito n\u00e9 alcuno dei suoi subappaltatori vende i dati personali dei visitatori e degli Utenti del suo Sito.<\/p>\n<p style=\"text-align: justify;\"><strong>4. La durata della conversazione<\/strong><\/p>\n<p style=\"text-align: justify;\">I tuoi Dati Personali sono conservati dal Titolare del Sito solo per il tempo corrispondente alla finalit\u00e0 di raccolta come indicata al punto 2 sopra che non pu\u00f2 in ogni caso superare i 24 mesi.<\/p>\n<p style=\"text-align: justify;\"><strong>5. Diritti e libert\u00e0 informatiche<\/strong><\/p>\n<p>Hai i seguenti diritti relativi alle tue informazioni personali, che puoi esercitare scrivendoci all&#8217;indirizzo postale indicato sul Sito o completando il modulo di contatto sul Sito.<\/p>\n<p>Diritto di accesso e comunicazione dei dati<br \/>\nHai il diritto di accedere alle informazioni personali che ti riguardano.<\/p>\n<p>Tuttavia, a causa degli obblighi di sicurezza e riservatezza nel trattamento dei dati personali che incombono al Titolare del Sito, ti informiamo che la tua richiesta verr\u00e0 elaborata a condizione che tu fornisca prova della tua identit\u00e0, in particolare mediante la produzione di una scansione di un tuo documento di identit\u00e0 in corso di validit\u00e0 (se richiesto tramite il nostro form oppure una fotocopia firmata del tuo documento di identit\u00e0 in corso di validit\u00e0 (se richiesto per iscritto).<\/p>\n<p>Il Titolare del Sito ti informa che avr\u00e0 il diritto, se necessario, di opporsi alle richieste manifestamente abusive (per il loro numero, per il loro carattere ripetitivo o sistematico).<\/p>\n<p>Per aiutarvi nel vostro processo, in particolare se desiderate esercitare il vostro diritto di accesso mediante una richiesta scritta all&#8217;indirizzo postale menzionato al punto 1, troverete cliccando sul seguente link un modello di lettera elaborato dalla Commissione Nazionale per Informatica e Libert\u00e0 (la \u201cCNIL\u201d).<\/p>\n<p>www.cnil.fr\/fr\/modele\/courrier\/entreprises-son-droit-dacces<\/p>\n<p>Diritto alla rettifica dei dati<br \/>\nNell&#8217;ambito di questo diritto, la legislazione ti autorizza a richiedere la rettifica, l&#8217;aggiornamento, il blocco o anche la cancellazione dei dati che ti riguardano che potrebbero rivelarsi inesatti, errati, incompleti o obsoleti.<\/p>\n<p>Puoi anche definire linee guida generali e specifiche relative al destino dei dati personali dopo la tua morte. Se del caso, gli eredi di una persona deceduta possono chiedere di prendere in considerazione la morte del loro caro e\/o di apportare gli aggiornamenti necessari.<\/p>\n<p>Per aiutarvi nel vostro processo, in particolare se desiderate esercitare, per conto vostro o di uno dei vostri cari defunti, il vostro diritto di rettifica mediante una richiesta scritta all&#8217;indirizzo postale menzionato al punto 1, potrete trovare cliccando sul seguente link un modello di lettera elaborato dalla CNIL.<\/p>\n<p>www.cnil.fr\/fr\/modele\/courrier\/rectifier-des-donnees-inexactes-obsoletes-ou-perimees<\/p>\n<p>Diritto di opposizione<br \/>\nL\u2019esercizio di tale diritto \u00e8 possibile soltanto in una delle due seguenti situazioni:<\/p>\n<p>Quando l&#8217;esercizio di tale diritto si basa su motivi legittimi; O<br \/>\nQuando l&#8217;esercizio di questo diritto mira a impedire che i dati raccolti vengano utilizzati per scopi di prospezione commerciale.<br \/>\nPer aiutarvi nel vostro processo, in particolare se desiderate esercitare il vostro diritto di opposizione mediante una richiesta scritta indirizzata all&#8217;indirizzo postale indicato al punto 1, troverete cliccando sul seguente link un modello di lettera elaborato dalla CNIL.<\/p>\n<p>www.cnil.fr\/fr\/modele\/courrier\/supprimer-des-information-vous-concernant-dun-site-internet<\/p>\n<p style=\"text-align: justify;\"><strong>6. Durata della risposta<\/strong><\/p>\n<p style=\"text-align: justify;\">Il Titolare del Sito si impegna a rispondere alla tua richiesta di accesso, rettifica o opposizione o qualsiasi altra richiesta aggiuntiva di informazioni entro un termine ragionevole che non pu\u00f2 superare 1 mese dal ricevimento della tua richiesta.<\/p>\n<p style=\"text-align: justify;\"><strong>7. Fornitori di servizi autorizzati e trasferimento verso un paese terzo dell&#8217;Unione Europea<\/strong><\/p>\n<p>Il Titolare ti informa che si avvale dei propri fornitori di servizi autorizzati per agevolare la raccolta e il trattamento dei dati che ci hai comunicato. Questi fornitori di servizi sono ubicati all\u2019interno dell\u2019Unione Europea e comunicano i dati raccolti attraverso i vari moduli presenti sul Sito.<\/p>\n<p>Il Titolare del Sito ha preventivamente assicurato l&#8217;implementazione da parte dei propri fornitori di servizi di garanzie adeguate e del rispetto di rigorose condizioni in termini di riservatezza, utilizzo e protezione dei dati.<\/p>\n","protected":false},"excerpt":{"rendered":"<p>Informativa sulla privacy relativa al sito www.menorca-lodges.com La presente informativa sulla privacy definisce e informa l&#8217;utente sul modo in cui il Proprietario del Sito utilizza e protegge le informazioni che&#8230;<\/p>\n","protected":false},"author":1,"featured_media":0,"parent":0,"menu_order":0,"comment_status":"closed","ping_status":"closed","template":"","meta":{"inline_featured_image":false,"footnotes":""},"class_list":["post-2090","page","type-page","status-publish"],"aioseo_notices":[],"_links":{"self":[{"href":"https:\/\/menorcalodges.com\/it\/wp-json\/wp\/v2\/pages\/2090","targetHints":{"allow":["GET"]}}],"collection":[{"href":"https:\/\/menorcalodges.com\/it\/wp-json\/wp\/v2\/pages"}],"about":[{"href":"https:\/\/menorcalodges.com\/it\/wp-json\/wp\/v2\/types\/page"}],"author":[{"embeddable":true,"href":"https:\/\/menorcalodges.com\/it\/wp-json\/wp\/v2\/users\/1"}],"replies":[{"embeddable":true,"href":"https:\/\/menorcalodges.com\/it\/wp-json\/wp\/v2\/comments?post=2090"}],"version-history":[{"count":3,"href":"https:\/\/menorcalodges.com\/it\/wp-json\/wp\/v2\/pages\/2090\/revisions"}],"predecessor-version":[{"id":2218,"href":"https:\/\/menorcalodges.com\/it\/wp-json\/wp\/v2\/pages\/2090\/revisions\/2218"}],"wp:attachment":[{"href":"https:\/\/menorcalodges.com\/it\/wp-json\/wp\/v2\/media?parent=2090"}],"curies":[{"name":"wp","href":"https:\/\/api.w.org\/{rel}","templated":true}]}}