{"id":2086,"date":"2024-02-16T14:15:20","date_gmt":"2024-02-16T13:15:20","guid":{"rendered":"https:\/\/menorcalodges.com\/mentions-legales\/"},"modified":"2024-04-15T09:42:38","modified_gmt":"2024-04-15T07:42:38","slug":"nota-legale","status":"publish","type":"page","link":"https:\/\/menorcalodges.com\/it\/nota-legale\/","title":{"rendered":"Nota legale"},"content":{"rendered":"<h1 style=\"text-align: justify;\">1. Nota legale<\/h1>\n<p style=\"text-align: justify;\"><strong>1.1 Editore<\/strong><\/p>\n<p>SOCIEDAD LIMITADA Menorca Lodge<br \/>\nCapitale sociale: 1.200.000 euro<br \/>\nSede Legale: PLAZA DEL PRINCEP,9 2\u00ba 1 07702 (MAHON)<\/p>\n<p>Ragione Sociale: MENORCA LODGES<\/p>\n<p>Direttore della pubblicazione: SCHWAAB JEAN FREDERIC MAURICE MARIE &amp; TOURLONIAS VERONIQUE<\/p>\n<p style=\"text-align: justify;\"><strong>1.2 web hosting<\/strong><\/p>\n<p>B2 Rete SARL<\/p>\n<p>15, rue Jean Claret<br \/>\n63.000 Clermont-Ferrand<br \/>\nSARL con capitale di 50.000 euro<br \/>\nRCS: Clermont Ferrand 793 496 662<br \/>\nDirettore della pubblicazione: Nicolas BELAN<\/p>\n<p style=\"text-align: justify;\"><strong>1.3 Propriet\u00e0 del sito www.menorca-lodges.com<\/strong><\/p>\n<p style=\"text-align: justify;\">Questo sito \u00e8 soggetto ai trattati internazionali e alla legislazione francese sul diritto d&#8217;autore e sulla propriet\u00e0 intellettuale e rispetta le disposizioni della legge n. 2004-575 del 21 giugno 2004 per la fiducia nell&#8217;economia digitale. La riproduzione totale o parziale di questo sito \u00e8 severamente vietata senza l&#8217;espressa autorizzazione di Menorca Lodges.<\/p>\n<p style=\"text-align: justify;\"><strong>II. Termini di servizio<\/strong><\/p>\n<p style=\"text-align: justify;\">La societ\u00e0 Menorca Lodges (di seguito \u201cl&#8217;editore\u201d) pubblica un sito vetrina www.menorca-lodges.com (di seguito il \u201csito\u201d).<br \/>\nLe presenti condizioni generali d&#8217;uso (di seguito \u201cCGU\u201d), soggette al diritto francese, hanno lo scopo di disciplinare l&#8217;utilizzo del sito.<br \/>\nIl semplice accesso al sito dell&#8217;editore, al seguente indirizzo URL www.menorca-lodges.com, implica automaticamente l&#8217;accettazione espressa e senza riserve delle Condizioni Generali da parte dell&#8217;utente del sito.<\/p>\n<p style=\"text-align: justify;\"><strong>1. Propriet\u00e0 intellettuale<\/strong><\/p>\n<p style=\"text-align: justify;\"><strong>1.1 Beni letterari e artistici<\/strong><\/p>\n<p>La societ\u00e0 Menorca Lodges possiede tutti i diritti di propriet\u00e0 intellettuale relativi al sito.<br \/>\nL&#8217;accesso al sito non conferisce all&#8217;utente alcun diritto sui diritti di propriet\u00e0 intellettuale relativi al sito, che rimangono di propriet\u00e0 esclusiva di Menorca Lodges. Sono in particolare protetti dalle leggi francesi e internazionali in materia di propriet\u00e0 intellettuale:<br \/>\n\u2013 Il carico grafico (logo, set di caratteri, codifica dei colori, contenuto editoriale, scelta e posizionamento delle illustrazioni);<br \/>\n\u2013 L&#8217;aspetto della navigazione (insieme di funzionalit\u00e0 che consentono all&#8217;utente di navigare sul sito);<br \/>\n\u2013 L&#8217;aspetto generale del sito.<\/p>\n<p>Ai sensi dell&#8217;articolo L122-4 del Codice della Propriet\u00e0 Intellettuale, lo sfruttamento non preventivamente autorizzato da Menorca Lodges, per qualsiasi motivo, di tutto o di parte del sito potr\u00e0 essere sottoposto a qualsiasi azione adeguata, in particolare un&#8217;azione per contraffazione.<\/p>\n<p style=\"text-align: justify;\"><strong>2. Collegamenti ipertestuali<\/strong><\/p>\n<p style=\"text-align: justify;\">Il sito pu\u00f2 contenere collegamenti ipertestuali ad altri siti su Internet. I collegamenti a queste altre risorse ti allontanano dal sito. L&#8217;editore declina ogni responsabilit\u00e0 relativa al contenuto di questi siti di terzi e non pu\u00f2 essere ritenuto responsabile dell&#8217;uso che ne potr\u00e0 essere fatto da parte degli utenti.<br \/>\n\u00c8 possibile creare un collegamento alla pagina di presentazione del sito senza espressa autorizzazione da parte dell&#8217;editore. Nessuna autorizzazione o richiesta di informazione preventiva pu\u00f2 essere richiesta dall&#8217;editore nei confronti di un sito terzo che desideri stabilire un collegamento con il sito dell&#8217;editore. Tuttavia, questo sito dovrebbe essere visualizzato in una nuova finestra del browser. Tuttavia, l&#8217;editore si riserva il diritto di richiedere la cancellazione di un collegamento che ritenga non coerente con lo scopo del sito o se detto collegamento sia il risultato di un approccio deliberato e dannoso, intrapreso con piena cognizione di causa da parte dell&#8217;editore. gestore del sito originale.<br \/>\nInfine, qualsiasi creazione di un collegamento ipertestuale denominato \u201cdeep\u201d o l&#8217;utilizzo di \u201cframing\u201d o \u201cinline linking\u201d, tra gli altri, richiede l&#8217;espressa autorizzazione preventiva dell&#8217;editore.<\/p>\n<p style=\"text-align: justify;\"><strong>3. Responsabilit\u00e0 dell&#8217;editore<\/strong><\/p>\n<p style=\"text-align: justify;\">Le informazioni e\/oi documenti che appaiono su questo sito possono contenere inesattezze tecniche ed errori tipografici. L&#8217;editore si riserva il diritto di correggerli non appena questi errori verranno portati alla sua attenzione. L&#8217;editore non potr\u00e0 in nessun caso essere ritenuto responsabile per danni di qualsiasi natura derivanti dall&#8217;interpretazione o dall&#8217;utilizzo delle informazioni e\/o dei documenti disponibili su questo sito.<\/p>\n<p style=\"text-align: justify;\"><strong>4. Accesso al sito<\/strong><\/p>\n<p style=\"text-align: justify;\">L&#8217;editore si impegna a compiere il massimo sforzo per rendere e mantenere accessibili tutti i servizi disponibili sul sito.<br \/>\nA questo proposito l&#8217;editore \u00e8 vincolato esclusivamente da un obbligo di mezzi nei confronti dell&#8217;utente, la nostra responsabilit\u00e0 non pu\u00f2 in nessun caso essere invocata nei seguenti casi:<br \/>\n\u2013 interruzioni momentanee della durata di qualche minuto per l&#8217;aggiornamento di alcuni file.<br \/>\n\u2013 difficolt\u00e0 di funzionamento o interruzione temporanea di questi servizi al di fuori del nostro controllo, in particolare in caso di interruzione dell&#8217;elettricit\u00e0 o dei servizi di telecomunicazione.<br \/>\n\u2013 interruzioni temporanee dei servizi necessarie al loro sviluppo o mantenimento.<br \/>\n\u2013 guasti o malfunzionamenti della rete Internet nella trasmissione di messaggi o documenti.<\/p>\n<p style=\"text-align: justify;\"><strong>5. Modifica dei Termini e Condizioni<\/strong><\/p>\n<p style=\"text-align: justify;\">I T&amp;C del sito, qui definiti, sono stati messi online il 5 gennaio 2022. L&#8217;editore si riserva il diritto di modificarli in qualsiasi momento e senza preavviso.<\/p>\n","protected":false},"excerpt":{"rendered":"<p>1. Nota legale 1.1 Editore SOCIEDAD LIMITADA Menorca Lodge Capitale sociale: 1.200.000 euro Sede Legale: PLAZA DEL PRINCEP,9 2\u00ba 1 07702 (MAHON) Ragione Sociale: MENORCA LODGES Direttore della pubblicazione: SCHWAAB&#8230;<\/p>\n","protected":false},"author":1,"featured_media":0,"parent":0,"menu_order":0,"comment_status":"closed","ping_status":"closed","template":"","meta":{"inline_featured_image":false,"footnotes":""},"class_list":["post-2086","page","type-page","status-publish"],"aioseo_notices":[],"_links":{"self":[{"href":"https:\/\/menorcalodges.com\/it\/wp-json\/wp\/v2\/pages\/2086","targetHints":{"allow":["GET"]}}],"collection":[{"href":"https:\/\/menorcalodges.com\/it\/wp-json\/wp\/v2\/pages"}],"about":[{"href":"https:\/\/menorcalodges.com\/it\/wp-json\/wp\/v2\/types\/page"}],"author":[{"embeddable":true,"href":"https:\/\/menorcalodges.com\/it\/wp-json\/wp\/v2\/users\/1"}],"replies":[{"embeddable":true,"href":"https:\/\/menorcalodges.com\/it\/wp-json\/wp\/v2\/comments?post=2086"}],"version-history":[{"count":3,"href":"https:\/\/menorcalodges.com\/it\/wp-json\/wp\/v2\/pages\/2086\/revisions"}],"predecessor-version":[{"id":2216,"href":"https:\/\/menorcalodges.com\/it\/wp-json\/wp\/v2\/pages\/2086\/revisions\/2216"}],"wp:attachment":[{"href":"https:\/\/menorcalodges.com\/it\/wp-json\/wp\/v2\/media?parent=2086"}],"curies":[{"name":"wp","href":"https:\/\/api.w.org\/{rel}","templated":true}]}}