{"id":2087,"date":"2024-02-16T14:15:20","date_gmt":"2024-02-16T13:15:20","guid":{"rendered":"https:\/\/menorcalodges.com\/mentions-legales\/"},"modified":"2024-04-11T17:08:43","modified_gmt":"2024-04-11T15:08:43","slug":"aviso-legal","status":"publish","type":"page","link":"https:\/\/menorcalodges.com\/es\/aviso-legal\/","title":{"rendered":"Aviso legal"},"content":{"rendered":"<h1 style=\"text-align: justify;\">1. Aviso legal<\/h1>\n<p style=\"text-align: justify;\"><strong>1.1 Editor<\/strong><\/p>\n<p>SOCIEDAD LIMITADA Alojamientos en Menorca<br \/>\nCapital social: 1.200.000 \u20ac<br \/>\nSede social: PLAZA DEL PRINCEP,9 2\u00ba 1 07702 (MAHON)<\/p>\n<p>Denominaci\u00f3n social: MENORCA LODGES<\/p>\n<p>Director de publicaci\u00f3n: SCHWAAB JEAN FREDERIC MAURICE MARIE &amp; TOURLONIAS VERONIQUE<\/p>\n<p style=\"text-align: justify;\"><strong>1.2 alojamiento web<\/strong><\/p>\n<p>B2 Red SARL<\/p>\n<p>15 calle Jean Claret<br \/>\n63.000 Clermont-Ferrand<br \/>\nSARL con capital de 50.000 euros<br \/>\nRCS: Clermont Ferrand 793 496 662<br \/>\nDirector de publicaci\u00f3n: Nicol\u00e1s BELAN<\/p>\n<p style=\"text-align: justify;\"><strong>1.3 Propiedad del sitio www.menorca-lodges.com<\/strong><\/p>\n<p style=\"text-align: justify;\">Este sitio est\u00e1 sujeto a los tratados internacionales y a la legislaci\u00f3n francesa sobre derechos de autor y propiedad intelectual y cumple con las disposiciones de la Ley n\u00ba 2004-575, de 21 de junio de 2004, para la confianza en la econom\u00eda digital. Queda terminantemente prohibida la reproducci\u00f3n total o parcial de este sitio sin la autorizaci\u00f3n expresa de Menorca Lodges.<\/p>\n<p style=\"text-align: justify;\"><strong>II. T\u00e9rminos de servicio<\/strong><\/p>\n<p style=\"text-align: justify;\">La empresa Menorca Lodges (en adelante \u201cel editor\u201d) publica un sitio escaparate www.menorca-lodges.com (en adelante, el \u201csitio\u201d).<br \/>\nLas presentes condiciones generales de uso (en adelante \u201cCGU\u201d), sujetas a la legislaci\u00f3n francesa, tienen por objeto regular el uso del sitio.<br \/>\nEl simple acceso al sitio del editor, a la siguiente direcci\u00f3n URL www.menorca-lodges.com, implica autom\u00e1ticamente la aceptaci\u00f3n expresa y sin reservas de los T&amp;C por parte del usuario del sitio.<\/p>\n<p style=\"text-align: justify;\"><strong>1. Propiedad intelectual<\/strong><\/p>\n<p style=\"text-align: justify;\"><strong>1.1 Propiedad literaria y art\u00edstica<\/strong><\/p>\n<p>La empresa Menorca Lodges es propietaria de todos los derechos de propiedad intelectual relacionados con el sitio.<br \/>\nEl acceso al sitio no confiere al usuario ning\u00fan derecho sobre los derechos de propiedad intelectual relativos al sitio, que siguen siendo propiedad exclusiva de Menorca Lodges. Est\u00e1n especialmente protegidos por las leyes francesas e internacionales en materia de propiedad intelectual:<br \/>\n\u2013 La carga gr\u00e1fica (logotipo, conjuntos de fuentes, codificaci\u00f3n de colores, contenido editorial, elecci\u00f3n y posicionamiento de las ilustraciones);<br \/>\n\u2013 El aspecto de navegaci\u00f3n (conjunto de funcionalidades que permiten al usuario navegar por el sitio);<br \/>\n\u2013 La apariencia general del sitio.<\/p>\n<p>De conformidad con el art\u00edculo L122-4 del C\u00f3digo de la Propiedad Intelectual, la explotaci\u00f3n no autorizada previamente por Menorca Lodges, sea cual sea el motivo, de todo o parte del sitio podr\u00e1 ser objeto de las acciones apropiadas, en particular de una acci\u00f3n por infracci\u00f3n.<\/p>\n<p style=\"text-align: justify;\"><strong>2. Hiperv\u00ednculos<\/strong><\/p>\n<p style=\"text-align: justify;\">El sitio puede contener enlaces de hipertexto a otros sitios en Internet. Los enlaces a estos otros recursos lo alejan del sitio. El editor declina toda responsabilidad relativa al contenido de estos sitios de terceros y no se hace responsable del uso que puedan hacer de ellos los usuarios.<br \/>\nEs posible crear un enlace a la p\u00e1gina de presentaci\u00f3n del sitio sin autorizaci\u00f3n expresa del editor. El editor no podr\u00e1 exigir ninguna autorizaci\u00f3n o solicitud de informaci\u00f3n previa respecto de un sitio de terceros que desee establecer un enlace con el sitio del editor. Sin embargo, este sitio deber\u00eda mostrarse en una nueva ventana del navegador. Sin embargo, el editor se reserva el derecho de solicitar la supresi\u00f3n de un enlace que considere no coherente con la finalidad del sitio o si dicho enlace resulta de una acci\u00f3n deliberada y maliciosa, realizada con pleno conocimiento de causa por parte del operador del sitio. el sitio original.<br \/>\nFinalmente, cualquier creaci\u00f3n de un enlace de hipertexto calificado de \u201cdeep\u201d o el uso de \u201cframing\u201d o \u201cinline linking\u201d, entre otros, requiere la autorizaci\u00f3n previa expresa del editor.<\/p>\n<p style=\"text-align: justify;\"><strong>3. Responsabilidad del editor<\/strong><\/p>\n<p style=\"text-align: justify;\">La informaci\u00f3n y\/o documentos que aparecen en este sitio pueden contener imprecisiones t\u00e9cnicas y errores tipogr\u00e1ficos. El editor se reserva el derecho de corregirlos tan pronto como tenga conocimiento de dichos errores. El editor no se hace responsable en ning\u00fan caso de los da\u00f1os de cualquier naturaleza que resulten de la interpretaci\u00f3n o del uso de la informaci\u00f3n y\/o de los documentos disponibles en este sitio.<\/p>\n<p style=\"text-align: justify;\"><strong>4. Acceso al sitio<\/strong><\/p>\n<p style=\"text-align: justify;\">El editor se compromete a hacer los mejores esfuerzos para hacer y mantener accesibles todos los servicios disponibles en el sitio.<br \/>\nEn este sentido, el editor s\u00f3lo est\u00e1 obligado por una obligaci\u00f3n de medios hacia el usuario, no exigi\u00e9ndose nuestra responsabilidad en ning\u00fan caso en los siguientes casos:<br \/>\n\u2013 interrupciones moment\u00e1neas de algunos minutos para actualizar determinados archivos.<br \/>\n\u2013 dificultades de funcionamiento o interrupci\u00f3n temporal de estos servicios fuera de nuestro control, particularmente en caso de interrupci\u00f3n de los servicios de electricidad o de telecomunicaciones.<br \/>\n\u2013 interrupciones temporales de los servicios necesarios para su desarrollo o mantenimiento.<br \/>\n\u2013 fallo o mal funcionamiento de la red Internet en la transmisi\u00f3n de mensajes o documentos.<\/p>\n<p style=\"text-align: justify;\"><strong>5. Modificaci\u00f3n de los T&amp;C<\/strong><\/p>\n<p style=\"text-align: justify;\">Los T\u00e9rminos y condiciones del sitio, definidos aqu\u00ed, se publicaron en l\u00ednea el 5 de abril de 2024. El editor se reserva el derecho de modificarlos en cualquier momento y sin previo aviso.<\/p>\n","protected":false},"excerpt":{"rendered":"<p>1. Aviso legal 1.1 Editor SOCIEDAD LIMITADA Alojamientos en Menorca Capital social: 1.200.000 \u20ac Sede social: PLAZA DEL PRINCEP,9 2\u00ba 1 07702 (MAHON) Denominaci\u00f3n social: MENORCA LODGES Director de publicaci\u00f3n:&#8230;<\/p>\n","protected":false},"author":1,"featured_media":0,"parent":0,"menu_order":0,"comment_status":"closed","ping_status":"closed","template":"","meta":{"inline_featured_image":false,"footnotes":""},"class_list":["post-2087","page","type-page","status-publish"],"aioseo_notices":[],"_links":{"self":[{"href":"https:\/\/menorcalodges.com\/es\/wp-json\/wp\/v2\/pages\/2087","targetHints":{"allow":["GET"]}}],"collection":[{"href":"https:\/\/menorcalodges.com\/es\/wp-json\/wp\/v2\/pages"}],"about":[{"href":"https:\/\/menorcalodges.com\/es\/wp-json\/wp\/v2\/types\/page"}],"author":[{"embeddable":true,"href":"https:\/\/menorcalodges.com\/es\/wp-json\/wp\/v2\/users\/1"}],"replies":[{"embeddable":true,"href":"https:\/\/menorcalodges.com\/es\/wp-json\/wp\/v2\/comments?post=2087"}],"version-history":[{"count":4,"href":"https:\/\/menorcalodges.com\/es\/wp-json\/wp\/v2\/pages\/2087\/revisions"}],"predecessor-version":[{"id":2168,"href":"https:\/\/menorcalodges.com\/es\/wp-json\/wp\/v2\/pages\/2087\/revisions\/2168"}],"wp:attachment":[{"href":"https:\/\/menorcalodges.com\/es\/wp-json\/wp\/v2\/media?parent=2087"}],"curies":[{"name":"wp","href":"https:\/\/api.w.org\/{rel}","templated":true}]}}