{"id":2079,"date":"2024-02-16T14:15:20","date_gmt":"2024-02-16T13:15:20","guid":{"rendered":"https:\/\/menorcalodges.com\/cookies\/"},"modified":"2024-04-11T17:20:01","modified_gmt":"2024-04-11T15:20:01","slug":"cookies","status":"publish","type":"page","link":"https:\/\/menorcalodges.com\/es\/cookies\/","title":{"rendered":"Cookies"},"content":{"rendered":"<p style=\"text-align: justify;\"><strong>Pol\u00edtica relativa al uso de cookies en el sitio www.menorca-lodges.com<\/strong><\/p>\n<p style=\"text-align: justify;\">Cuando se conecta por primera vez al Sitio, un banner en la parte inferior derecha de la pantalla le advierte que la informaci\u00f3n relacionada con su navegaci\u00f3n puede registrarse en archivos llamados \u00abcookies\u00bb. Nuestra pol\u00edtica de uso de cookies le permite comprender mejor las disposiciones que implementamos al navegar por nuestro sitio web. Le informa en particular sobre todas las cookies presentes en nuestro sitio web, su finalidad y le indica el procedimiento a seguir para configurarlas.<\/p>\n<p style=\"text-align: justify;\"><strong>1. Informaci\u00f3n general sobre las cookies presentes en el Sitio<\/strong><\/p>\n<p style=\"text-align: justify;\">El Titular del Sitio, como editor de este sitio web, podr\u00e1 instalar una cookie en el disco duro de su terminal (ordenador, tableta, m\u00f3vil, etc.) con la finalidad de garantizar una navegaci\u00f3n fluida y \u00f3ptima en nuestro sitio web. Las \u201ccookies\u201d (o cookies) son peque\u00f1os archivos de texto de tama\u00f1o limitado que nos permiten reconocer su ordenador, tableta o m\u00f3vil con el fin de personalizar los servicios que le ofrecemos. La informaci\u00f3n recogida a trav\u00e9s de las cookies no permite en ning\u00fan caso identificarle por nombre. Se utilizan exclusivamente para nuestras propias necesidades con el fin de mejorar la interactividad y el rendimiento de nuestro sitio web y para enviarle contenido adaptado a sus intereses. Ninguna parte de esta informaci\u00f3n se comunica a terceros excepto cuando el Titular del Sitio haya obtenido su consentimiento previo o cuando la divulgaci\u00f3n de esta informaci\u00f3n sea requerida por ley, por orden de un tribunal o cualquier otra autoridad administrativa o judicial autorizada para conocerla. Para informarle mejor sobre la informaci\u00f3n que identifican las cookies, encontrar\u00e1 a continuaci\u00f3n una tabla que enumera los diferentes tipos de cookies que probablemente se utilizar\u00e1n en el Sitio, su nombre, su prop\u00f3sito y su vida \u00fatil.<\/p>\n<p style=\"text-align: justify;\"><strong>2. Configurar sus preferencias de cookies<\/strong><\/p>\n<p>Puedes aceptar, configurar o rechazar el dep\u00f3sito de cookies en cualquier momento.<\/p>\n<p>Cuando se conecta por primera vez al Sitio, aparece un banner que presenta brevemente informaci\u00f3n relacionada con el uso de cookies y tecnolog\u00edas similares en la parte inferior izquierda de su pantalla. Este banner le advierte que al continuar navegando por el Sitio (cargando una nueva p\u00e1gina o haciendo clic en varios elementos del sitio, por ejemplo), acepta el almacenamiento de cookies en su terminal. Tambi\u00e9n se considerar\u00e1 que ha dado su consentimiento para el dep\u00f3sito de cookies haciendo clic en el icono \u201caceptarlas todas\u201d en el banner en la parte inferior izquierda de su pantalla. Dependiendo del tipo de cookie en cuesti\u00f3n, puede ser imperativo obtener su consentimiento para depositar y leer cookies en su terminal.<\/p>\n<p style=\"text-align: justify;\"><strong>2.1 Cookies exentas de consentimiento<\/strong><\/p>\n<p style=\"text-align: justify;\">De acuerdo con las recomendaciones de la Comisi\u00f3n Nacional de Tecnolog\u00edas de la Informaci\u00f3n y de las Libertades (CNIL), determinadas cookies est\u00e1n exentas de la obtenci\u00f3n previa de su consentimiento en la medida en que sean estrictamente necesarias para el funcionamiento del sitio web o tengan la finalidad exclusiva de permitir o facilitar la comunicaci\u00f3n por medios electr\u00f3nicos. Estas incluyen identificador de sesi\u00f3n, autenticaci\u00f3n, cookies de sesi\u00f3n de equilibrio de carga, as\u00ed como cookies para personalizar su interfaz. Estas cookies est\u00e1n enteramente sujetas a esta pol\u00edtica en la medida en que sean emitidas y administradas por el Propietario del sitio.<\/p>\n<p style=\"text-align: justify;\"><strong>2.2 Cookies que requieren la obtenci\u00f3n previa de su consentimiento<\/strong><\/p>\n<p style=\"text-align: justify;\">Este requisito se refiere a las cookies emitidas por terceros y que se califican como \u201cpersistentes\u201d en la medida en que permanecen en su terminal hasta que sean eliminadas o caduquen. Al ser dichas cookies emitidas por terceros, su uso y dep\u00f3sito est\u00e1n sujetos a sus propias pol\u00edticas de confidencialidad, cuyo enlace encontrar\u00e1 a continuaci\u00f3n. Esta familia de cookies incluye cookies de medici\u00f3n de audiencia (en particular, Google Analytics), cookies publicitarias (que el propietario del sitio no utiliza), as\u00ed como cookies para compartir en redes sociales (en particular, Facebook, YouTube, Twitter y LinkedIn). Las cookies de medici\u00f3n de audiencia establecen estad\u00edsticas sobre la frecuentaci\u00f3n y el uso de diversos elementos del sitio web (como los contenidos\/p\u00e1ginas que ha visitado). Estos datos contribuyen a mejorar la ergonom\u00eda del Sitio.<\/p>\n<p style=\"text-align: justify;\">En este sitio web se utiliza una herramienta de medici\u00f3n de audiencia:<\/p>\n<ul style=\"text-align: justify;\">\n<li>Google Analytics cuya pol\u00edtica de privacidad est\u00e1 disponible (s\u00f3lo en ingl\u00e9s) desde el siguiente enlace: www.policies.google.com\/privacy?hl=fr-CA<\/li>\n<\/ul>\n<p style=\"text-align: justify;\">Las cookies para compartir en redes sociales son emitidas y gestionadas por el editor de la red social en cuesti\u00f3n. Sujeto a su consentimiento, estas cookies le permiten compartir f\u00e1cilmente parte del contenido publicado en el Sitio, en particular a trav\u00e9s de un \u00abbot\u00f3n\u00bb de aplicaci\u00f3n para compartir seg\u00fan la red social en cuesti\u00f3n. En el Sitio pueden estar presentes cuatro tipos de cookies para compartir redes sociales: Sitio:<\/p>\n<ul style=\"text-align: justify;\">\n<li>Facebook, cuya pol\u00edtica de cookies puede consultar haciendo clic en el siguiente enlace: fr-fr.facebook.com\/policies\/cookies\/<\/li>\n<li>LinkedIn, cuya pol\u00edtica de cookies encontrar\u00e1 haciendo clic en el siguiente enlace: www.linkedin.com\/legal\/cookie-policy?_l=fr_FR<\/li>\n<li>YouTube, donde encontrar\u00e1 la ayuda necesaria para eliminar las cookies del navegador Google Chrome haciendo clic en el siguiente enlace: support.google.com\/youtube\/answer\/32050?hl=fr\u00a0pero tambi\u00e9n la pol\u00edtica de cookies completa en el siguiente enlace : www.google.fr\/intl\/fr\/policies\/technologies\/cookies\/2<\/li>\n<\/ul>\n<p>Tienes a tu disposici\u00f3n diversas herramientas de configuraci\u00f3n de cookies.<\/p>\n<p>La mayor\u00eda de los navegadores de Internet est\u00e1n configurados por defecto para que se autorice el dep\u00f3sito de cookies. Su navegador le ofrece la posibilidad de modificar esta configuraci\u00f3n est\u00e1ndar para que todas las cookies sean rechazadas sistem\u00e1ticamente o s\u00f3lo algunas de las cookies sean aceptadas o rechazadas seg\u00fan su emisor.<\/p>\n<p style=\"text-align: justify;\"><strong>ATENCI\u00d3N:<\/strong> Llamamos su atenci\u00f3n sobre el hecho de que, no obstante, rechazar la colocaci\u00f3n de cookies en su terminal puede alterar su experiencia de usuario, as\u00ed como su acceso a ciertos servicios o funcionalidades de este Sitio. En su caso, el Propietario del sitio declina toda responsabilidad por las consecuencias relacionadas con el deterioro de sus condiciones de navegaci\u00f3n que se produzcan como resultado de su elecci\u00f3n de rechazar, eliminar o bloquear las cookies necesarias para el funcionamiento del sitio. Estas consecuencias no pueden constituir da\u00f1os y no podr\u00e1 reclamar ninguna compensaci\u00f3n como resultado. Su navegador tambi\u00e9n le permite eliminar las cookies existentes en su terminal o notificarle cuando es probable que se coloquen nuevas cookies en su terminal. Esta configuraci\u00f3n no tiene ning\u00fan impacto en su navegaci\u00f3n pero le hace perder todos los beneficios proporcionados por la cookie. Le informamos a continuaci\u00f3n de las m\u00faltiples herramientas a su disposici\u00f3n para que pueda configurar las cookies instaladas en su terminal.<\/p>\n<p style=\"text-align: justify;\"><strong>2.3 Configurando su navegador de Internet<\/strong><\/p>\n<p>Cada navegador de Internet ofrece su propia configuraci\u00f3n de gesti\u00f3n de cookies.<\/p>\n<p>Para saber c\u00f3mo modificar sus preferencias de cookies, a continuaci\u00f3n encontrar\u00e1 los enlaces de ayuda necesarios para acceder al men\u00fa de su navegador dispuesto a tal efecto:<\/p>\n<p>\u2013 Cromo: support.google.com\/chrome\/answer\/95647?hl=en<\/p>\n<p>\u2013 Firefox: support.mozilla.org\/fr\/kb\/activate-deactivate-cookies<\/p>\n<p>\u2013 Internet Explorer: support.microsoft.com\/fr-fr\/help\/17442\/windows-internet-explorer-delete-manage-cookies#ie=ie-11<\/p>\n<p>\u2013 \u00d3pera: help.opera.com\/Windows\/10.20\/fr\/cookies.html<\/p>\n<p>\u2013 Safari: support.apple.com\/fr-fr\/guide\/safari\/sfri11471\/mac<\/p>\n<p>Para obtener m\u00e1s informaci\u00f3n sobre las herramientas de control de cookies, puede consultar el sitio web de la CNIL: www.cnil.fr\/fr\/cookies-les-outil-pour-les-maitriser.<\/p>\n<p>Para cualquier duda o solicitud adicional de informaci\u00f3n relacionada con esta pol\u00edtica de cookies, p\u00f3ngase en contacto con nosotros a trav\u00e9s de nuestro formulario de contacto.<\/p>\n","protected":false},"excerpt":{"rendered":"<p>Pol\u00edtica relativa al uso de cookies en el sitio www.menorca-lodges.com Cuando se conecta por primera vez al Sitio, un banner en la parte inferior derecha de la pantalla le advierte&#8230;<\/p>\n","protected":false},"author":1,"featured_media":0,"parent":0,"menu_order":0,"comment_status":"closed","ping_status":"closed","template":"","meta":{"inline_featured_image":false,"footnotes":""},"class_list":["post-2079","page","type-page","status-publish"],"aioseo_notices":[],"_links":{"self":[{"href":"https:\/\/menorcalodges.com\/es\/wp-json\/wp\/v2\/pages\/2079","targetHints":{"allow":["GET"]}}],"collection":[{"href":"https:\/\/menorcalodges.com\/es\/wp-json\/wp\/v2\/pages"}],"about":[{"href":"https:\/\/menorcalodges.com\/es\/wp-json\/wp\/v2\/types\/page"}],"author":[{"embeddable":true,"href":"https:\/\/menorcalodges.com\/es\/wp-json\/wp\/v2\/users\/1"}],"replies":[{"embeddable":true,"href":"https:\/\/menorcalodges.com\/es\/wp-json\/wp\/v2\/comments?post=2079"}],"version-history":[{"count":2,"href":"https:\/\/menorcalodges.com\/es\/wp-json\/wp\/v2\/pages\/2079\/revisions"}],"predecessor-version":[{"id":2171,"href":"https:\/\/menorcalodges.com\/es\/wp-json\/wp\/v2\/pages\/2079\/revisions\/2171"}],"wp:attachment":[{"href":"https:\/\/menorcalodges.com\/es\/wp-json\/wp\/v2\/media?parent=2079"}],"curies":[{"name":"wp","href":"https:\/\/api.w.org\/{rel}","templated":true}]}}