{"id":2089,"date":"2024-02-16T14:15:20","date_gmt":"2024-02-16T13:15:20","guid":{"rendered":"https:\/\/menorcalodges.com\/politique-de-confidentialite\/"},"modified":"2024-04-15T11:35:08","modified_gmt":"2024-04-15T09:35:08","slug":"datenschutzrichtlinie","status":"publish","type":"page","link":"https:\/\/menorcalodges.com\/de\/datenschutzrichtlinie\/","title":{"rendered":"Datenschutzrichtlinie"},"content":{"rendered":"<p style=\"text-align: justify;\"><strong>Datenschutzrichtlinie f\u00fcr die Website www.menorca-lodges.com<\/strong><\/p>\n<p>Diese Datenschutzrichtlinie definiert und informiert Sie dar\u00fcber, wie der Eigent\u00fcmer der Website die Informationen verwendet und sch\u00fctzt, die der Benutzer gegebenenfalls \u00fcbermittelt, wenn er die Website nutzt, die \u00fcber die folgende URL zug\u00e4nglich ist: www.menorca-lodges.com (im Folgenden die \u201eWebsite\u201c) \u201c).<\/p>\n<p>Bitte beachten Sie, dass diese Vertraulichkeitsrichtlinie jederzeit ge\u00e4ndert oder erg\u00e4nzt werden kann, insbesondere im Hinblick auf die Anpassung an gesetzliche, beh\u00f6rdliche, rechtswissenschaftliche oder technologische Entwicklungen. In einem solchen Fall wird das Datum der Aktualisierung oben in dieser Richtlinie deutlich angegeben. Diese \u00c4nderungen binden den Nutzer, sobald sie online gestellt werden. Der Benutzer sollte daher diese Vertraulichkeits- und Cookie-Verwendungsrichtlinie regelm\u00e4\u00dfig konsultieren, um \u00fcber etwaige \u00c4nderungen informiert zu sein.<\/p>\n<p style=\"text-align: justify;\"><strong>I. pers\u00f6nliche Daten<\/strong><\/p>\n<p>Im Allgemeinen k\u00f6nnen Sie die Website besuchen, ohne Angaben zu Ihrer Person zu machen. In keinem Fall sind Sie dazu verpflichtet, diese Informationen an den Website-Eigent\u00fcmer weiterzugeben.<\/p>\n<p>Im Falle einer Ablehnung k\u00f6nnen Sie jedoch m\u00f6glicherweise bestimmte von Ihnen angeforderte Informationen oder Dienstleistungen nicht in Anspruch nehmen. Daher kann es sein, dass der Eigent\u00fcmer Sie in bestimmten F\u00e4llen um die Angabe Ihres Namens, Vornamens, Ihrer Postanschrift, Ihrer E-Mail-Adresse, Ihrer Telefonnummer, Ihres Unternehmens und Ihrer Position sowie anderer Sie betreffender Informationen (im Folgenden Ihre \u201epers\u00f6nlichen Daten\u201c) bittet. . Durch die Bereitstellung dieser Informationen erkl\u00e4ren Sie sich ausdr\u00fccklich damit einverstanden, dass diese vom Website-Eigent\u00fcmer f\u00fcr die in Punkt 2 unten genannten Zwecke sowie f\u00fcr die m\u00f6glicherweise am Ende jedes Formulars genannten Zwecke verarbeitet werden.<\/p>\n<p>Gem\u00e4\u00df der vom Europ\u00e4ischen Parlament am 14. April 2016 verabschiedeten Datenschutz-Grundverordnung und dem Datenschutzgesetz vom 6. Januar 1978 in der jeweils g\u00fcltigen Fassung informiert Sie SOS GRPD \u00fcber folgende Punkte:<\/p>\n<p style=\"text-align: justify;\"><strong>1. Identit\u00e4t des Datenverantwortlichen<\/strong><\/p>\n<p style=\"text-align: justify;\">Der Datenverantwortliche ist der Website-Inhaber, dessen Kontaktdaten auf der Website angegeben sind.<\/p>\n<p style=\"text-align: justify;\"><strong>2. Zwecke der Verarbeitung<\/strong><\/p>\n<p>Der Websitebesitzer kann Ihre pers\u00f6nlichen Daten verarbeiten:<\/p>\n<p>(a) um Ihnen die von Ihnen angeforderten Informationen oder Dienstleistungen zukommen zu lassen (insbesondere: Versenden des Newsletters, kommerzieller Angebote, Whitepapers oder sogar die Beurteilung Ihres Compliance-Niveaus durch ein Quiz); und oder<\/p>\n<p>(b) zum Zwecke der Sammlung von Informationen, die es uns erm\u00f6glichen, die Website, Produkte und Dienstleistungen zu verbessern (insbesondere durch Cookies); und oder<\/p>\n<p>(c) um Sie bez\u00fcglich verschiedener Ereignisse im Zusammenhang mit der Gesch\u00e4ftsbeziehung kontaktieren zu k\u00f6nnen, insbesondere zu Produktaktualisierungen und Kundensupport.<\/p>\n<p style=\"text-align: justify;\"><strong>3. Empf\u00e4nger<\/strong><\/p>\n<p style=\"text-align: justify;\">Nur der Websitebesitzer ist der Empf\u00e4nger Ihrer pers\u00f6nlichen Daten. Diese werden, unabh\u00e4ngig davon, ob sie einzeln oder in zusammengefasster Form vorliegen, niemals an Dritte weitergegeben, ungeachtet der vom Website-Eigent\u00fcmer eingesetzten Subunternehmer (weitere Informationen hierzu finden Sie unter Punkt 7 unten). Weder der Website-Eigent\u00fcmer noch einer seiner Subunternehmer verkaufen die personenbezogenen Daten von Besuchern und Benutzern seiner Website.<\/p>\n<p style=\"text-align: justify;\"><strong>4. Die Dauer des Gespr\u00e4chs<\/strong><\/p>\n<p style=\"text-align: justify;\">Ihre pers\u00f6nlichen Daten werden vom Website-Eigent\u00fcmer nur f\u00fcr den Zeitraum gespeichert, der dem unter 2 oben genannten Zweck der Erhebung entspricht und in keinem Fall 24 Monate \u00fcberschreiten darf.<\/p>\n<p style=\"text-align: justify;\"><strong>5. Computerrechte und -freiheiten<\/strong><\/p>\n<p>Sie haben die folgenden Rechte in Bezug auf Ihre pers\u00f6nlichen Daten, die Sie aus\u00fcben k\u00f6nnen, indem Sie uns an die auf der Website genannte Postanschrift schreiben oder das Kontaktformular auf der Website ausf\u00fcllen.<\/p>\n<p>Recht auf Zugang und Kommunikation der Daten<br \/>\nSie haben das Recht, auf die Sie betreffenden personenbezogenen Daten zuzugreifen.<\/p>\n<p>Aufgrund der Verpflichtung zur Sicherheit und Vertraulichkeit bei der Verarbeitung personenbezogener Daten, die dem Inhaber der Website obliegt, werden Sie jedoch dar\u00fcber informiert, dass Ihre Anfrage nur unter der Voraussetzung bearbeitet wird, dass Sie einen Nachweis Ihrer Identit\u00e4t erbringen, insbesondere durch Vorlage eines Scans Ihrer Daten Ihr g\u00fcltiger Ausweis (falls \u00fcber unser Formular angefordert) oder eine unterschriebene Fotokopie Ihres g\u00fcltigen Ausweises (falls schriftlich angefordert).<\/p>\n<p>Der Website-Eigent\u00fcmer informiert Sie dar\u00fcber, dass er gegebenenfalls berechtigt ist, Anfragen zu widersprechen, die offensichtlich missbr\u00e4uchlich sind (aufgrund ihrer Anzahl, Wiederholung oder Systematik).<\/p>\n<p>Um Sie bei Ihrem Verfahren zu unterst\u00fctzen, insbesondere wenn Sie Ihr Auskunftsrecht durch eine schriftliche Anfrage an die in Punkt 1 genannte Postanschrift aus\u00fcben m\u00f6chten, finden Sie durch Klicken auf den folgenden Link ein von der Nationalen Kommission f\u00fcr erstelltes Musterschreiben Informationstechnologie und Freiheiten (die \u201eCNIL\u201c).<\/p>\n<p>www.cnil.fr\/fr\/modele\/courrier\/entreprises-son-droit-dacces<\/p>\n<p>Recht auf Berichtigung der Daten<br \/>\nIm Rahmen dieses Rechts ist es Ihnen gesetzlich gestattet, die Berichtigung, Aktualisierung, Sperrung oder sogar L\u00f6schung der Sie betreffenden Daten zu verlangen, die sich als unrichtig, fehlerhaft, unvollst\u00e4ndig oder veraltet erweisen k\u00f6nnten.<\/p>\n<p>Sie k\u00f6nnen auch allgemeine und spezifische Richtlinien zum Verbleib personenbezogener Daten nach Ihrem Tod festlegen. Gegebenenfalls k\u00f6nnen die Erben eines Verstorbenen verlangen, den Tod ihres Angeh\u00f6rigen zu ber\u00fccksichtigen und\/oder die notwendigen Aktualisierungen vorzunehmen.<\/p>\n<p>Um Sie in Ihrem Verfahren zu unterst\u00fctzen, insbesondere wenn Sie in Ihrem eigenen Namen oder im Namen eines Ihrer verstorbenen Angeh\u00f6rigen Ihr Recht auf Berichtigung durch eine schriftliche Anfrage an die in Punkt 1 genannte Postanschrift aus\u00fcben m\u00f6chten, werden Sie dies tun Klicken Sie auf den folgenden Link, um einen von der CNIL entwickelten Musterbrief zu finden.<\/p>\n<p>www.cnil.fr\/fr\/modele\/courrier\/rectifier-des-donnees-inexactes-obsoletes-ou-perimees<\/p>\n<p>Widerspruchsrecht<br \/>\nDie Aus\u00fcbung dieses Rechts ist nur in einer der beiden folgenden Situationen m\u00f6glich:<\/p>\n<p>Wenn die Aus\u00fcbung dieses Rechts auf legitimen Gr\u00fcnden beruht; Oder<br \/>\nWenn die Aus\u00fcbung dieses Rechts darauf abzielt, zu verhindern, dass die erhobenen Daten f\u00fcr kommerzielle Prospektionszwecke verwendet werden.<br \/>\nUm Sie bei Ihrem Verfahren zu unterst\u00fctzen, insbesondere wenn Sie Ihr Widerspruchsrecht mittels einer schriftlichen Anfrage an die unter Punkt 1 angegebene Postanschrift aus\u00fcben m\u00f6chten, finden Sie durch Klicken auf den folgenden Link ein von der CNIL entwickeltes Musterschreiben.<\/p>\n<p>www.cnil.fr\/fr\/modele\/courrier\/supprimer-des-information-vous-concernant-dun-site-internet<\/p>\n<p style=\"text-align: justify;\"><strong>6. Antwortdauer<\/strong><\/p>\n<p style=\"text-align: justify;\">Der Website-Inhaber verpflichtet sich, auf Ihre Anfrage nach Zugang, Berichtigung oder Widerspruch oder jede andere zus\u00e4tzliche Anfrage nach Informationen innerhalb einer angemessenen Frist zu antworten, die 1 Monat nach Eingang Ihrer Anfrage nicht \u00fcberschreiten darf.<\/p>\n<p style=\"text-align: justify;\"><strong>7. Autorisierte Dienstleister und \u00dcbermittlung in ein Drittland der Europ\u00e4ischen Union<\/strong><\/p>\n<p>Der Eigent\u00fcmer informiert Sie dar\u00fcber, dass er seine autorisierten Dienstleister einsetzt, um die Erhebung und Verarbeitung der Daten, die Sie uns mitgeteilt haben, zu erleichtern. Diese Dienstleister haben ihren Sitz innerhalb der Europ\u00e4ischen Union und \u00fcbermitteln die gesammelten Daten \u00fcber die verschiedenen Formulare auf der Website.<\/p>\n<p>Der Eigent\u00fcmer der Website hat zuvor daf\u00fcr gesorgt, dass seine Dienstleister angemessene Garantien umsetzen und strenge Bedingungen in Bezug auf Vertraulichkeit, Nutzung und Schutz der Daten einhalten.<\/p>\n","protected":false},"excerpt":{"rendered":"<p>Datenschutzrichtlinie f\u00fcr die Website www.menorca-lodges.com Diese Datenschutzrichtlinie definiert und informiert Sie dar\u00fcber, wie der Eigent\u00fcmer der Website die Informationen verwendet und sch\u00fctzt, die der Benutzer gegebenenfalls \u00fcbermittelt, wenn er die&#8230;<\/p>\n","protected":false},"author":1,"featured_media":0,"parent":0,"menu_order":0,"comment_status":"closed","ping_status":"closed","template":"","meta":{"inline_featured_image":false,"footnotes":""},"class_list":["post-2089","page","type-page","status-publish"],"aioseo_notices":[],"_links":{"self":[{"href":"https:\/\/menorcalodges.com\/de\/wp-json\/wp\/v2\/pages\/2089","targetHints":{"allow":["GET"]}}],"collection":[{"href":"https:\/\/menorcalodges.com\/de\/wp-json\/wp\/v2\/pages"}],"about":[{"href":"https:\/\/menorcalodges.com\/de\/wp-json\/wp\/v2\/types\/page"}],"author":[{"embeddable":true,"href":"https:\/\/menorcalodges.com\/de\/wp-json\/wp\/v2\/users\/1"}],"replies":[{"embeddable":true,"href":"https:\/\/menorcalodges.com\/de\/wp-json\/wp\/v2\/comments?post=2089"}],"version-history":[{"count":3,"href":"https:\/\/menorcalodges.com\/de\/wp-json\/wp\/v2\/pages\/2089\/revisions"}],"predecessor-version":[{"id":2231,"href":"https:\/\/menorcalodges.com\/de\/wp-json\/wp\/v2\/pages\/2089\/revisions\/2231"}],"wp:attachment":[{"href":"https:\/\/menorcalodges.com\/de\/wp-json\/wp\/v2\/media?parent=2089"}],"curies":[{"name":"wp","href":"https:\/\/api.w.org\/{rel}","templated":true}]}}