{"id":2085,"date":"2024-02-16T14:15:20","date_gmt":"2024-02-16T13:15:20","guid":{"rendered":"https:\/\/menorcalodges.com\/mentions-legales\/"},"modified":"2024-04-15T11:30:38","modified_gmt":"2024-04-15T09:30:38","slug":"impressum","status":"publish","type":"page","link":"https:\/\/menorcalodges.com\/de\/impressum\/","title":{"rendered":"Impressum"},"content":{"rendered":"<h1 style=\"text-align: justify;\">1. Impressum<\/h1>\n<p style=\"text-align: justify;\"><strong>1.1 Editor<\/strong><\/p>\n<p>SOCIEDAD LIMITADA Menorca Lodges<br \/>\nStammkapital: 1.200.000 \u20ac<br \/>\nHauptsitz: PLAZA DEL PRINCEP,9 2\u00ba 1 07702 (MAHON)<\/p>\n<p>Firmenname: MENORCA LODGES<\/p>\n<p>Publikationsleiter: SCHWAAB JEAN FREDERIC MAURICE MARIE &amp; TOURLONIAS VERONIQUE<\/p>\n<p style=\"text-align: justify;\"><strong>1.2 Web-Hosting<\/strong><\/p>\n<p>B2 Network SARL<\/p>\n<p>15 rue Jean Claret<br \/>\n63.000 Clermont-Ferrand<br \/>\nSARL mit einem Kapital von 50.000 Euro<br \/>\nRCS: Clermont Ferrand 793 496 662<br \/>\nPublikationsleiter: Nicolas BELAN<\/p>\n<p style=\"text-align: justify;\"><strong>1.3 Eigentum der Website www.menorca-lodges.com<\/strong><\/p>\n<p style=\"text-align: justify;\">Diese Website unterliegt internationalen Vertr\u00e4gen und der franz\u00f6sischen Gesetzgebung zum Urheberrecht und zum geistigen Eigentum und entspricht den Bestimmungen des Gesetzes Nr. 2004-575 vom 21. Juni 2004 zum Vertrauen in die digitale Wirtschaft. Die vollst\u00e4ndige oder teilweise Reproduktion dieser Website ist ohne die ausdr\u00fcckliche Genehmigung von Menorca Lodges strengstens untersagt.<\/p>\n<p style=\"text-align: justify;\"><strong>II. Nutzungsbedingungen<\/strong><\/p>\n<p style=\"text-align: justify;\">Das Unternehmen Menorca Lodges (im Folgenden \u201eder Herausgeber\u201c) ver\u00f6ffentlicht eine Pr\u00e4sentationsseite www.menorca-lodges.com (im Folgenden die \u201eWebsite\u201c).<br \/>\nDie vorliegenden allgemeinen Nutzungsbedingungen (im Folgenden \u201eCGU\u201c), die franz\u00f6sischem Recht unterliegen, regeln die Nutzung der Website.<br \/>\nDer einfache Zugriff auf die Website des Herausgebers unter der folgenden URL-Adresse www.menorca-lodges.com setzt automatisch die ausdr\u00fcckliche und vorbehaltlose Annahme der AGB durch den Benutzer der Website voraus.<\/p>\n<p style=\"text-align: justify;\"><strong>1. Geistiges Eigentum<\/strong><\/p>\n<p style=\"text-align: justify;\"><strong>1.1 Literarisches und k\u00fcnstlerisches Eigentum<\/strong><\/p>\n<p>Das Unternehmen Menorca Lodges besitzt alle geistigen Eigentumsrechte im Zusammenhang mit der Website.<br \/>\nDer Zugriff auf die Website gew\u00e4hrt dem Benutzer keinerlei Rechte an den geistigen Eigentumsrechten in Bezug auf die Website, die ausschlie\u00dfliches Eigentum von Menorca Lodges bleiben. Folgendes ist insbesondere durch franz\u00f6sische und internationale Gesetze zum geistigen Eigentum gesch\u00fctzt:<br \/>\n\u2013 Der grafische Aufwand (Logo, Schriftarten, Farbkodierung, redaktioneller Inhalt, Auswahl und Positionierung der Abbildungen);<br \/>\n\u2013 Der Navigationsaspekt (eine Reihe von Funktionen, die es dem Benutzer erm\u00f6glichen, auf der Website zu navigieren);<br \/>\n\u2013 Das Gesamterscheinungsbild der Website.<\/p>\n<p>Gem\u00e4\u00df Artikel L122-4 des Gesetzes \u00fcber geistiges Eigentum kann die Nutzung der gesamten oder eines Teils der Website, die nicht zuvor von Menorca Lodges aus welchem \u200b\u200bGrund auch immer genehmigt wurde, mit geeigneten Ma\u00dfnahmen, insbesondere einer Klage wegen Verletzung, geahndet werden.<\/p>\n<p style=\"text-align: justify;\"><strong>2. Hyperlinks<\/strong><\/p>\n<p style=\"text-align: justify;\">Die Website kann Hypertext-Links zu anderen Websites im Internet enthalten. Links zu diesen anderen Ressourcen f\u00fchren Sie von der Website weg. Der Herausgeber \u00fcbernimmt keinerlei Verantwortung f\u00fcr den Inhalt dieser Websites Dritter und kann nicht f\u00fcr deren Nutzung durch Benutzer haftbar gemacht werden.<br \/>\nEs ist m\u00f6glich, ohne ausdr\u00fcckliche Genehmigung des Herausgebers einen Link zur Pr\u00e4sentationsseite der Website zu erstellen. Im Hinblick auf die Website eines Dritten, der einen Link zur Website des Herausgebers herstellen m\u00f6chte, kann der Herausgeber weder eine Genehmigung noch eine vorherige Informationsanfrage verlangen. Diese Seite sollte jedoch in einem neuen Browserfenster angezeigt werden. Der Herausgeber beh\u00e4lt sich jedoch das Recht vor, die L\u00f6schung eines Links zu verlangen, wenn er seiner Ansicht nach nicht mit dem Zweck der Website vereinbar ist oder wenn dieser Link das Ergebnis einer vors\u00e4tzlichen und b\u00f6swilligen Vorgehensweise ist, die der Herausgeber in voller Kenntnis der Sachlage vorgenommen hat Betreiber der Originalseite.<br \/>\nSchlie\u00dflich bedarf die Erstellung eines als \u201eDeep\u201c bezeichneten Hypertext-Links oder die Verwendung von \u201eFraming\u201c oder \u201eInline-Linking\u201c unter anderem der ausdr\u00fccklichen vorherigen Genehmigung des Herausgebers.<\/p>\n<p style=\"text-align: justify;\"><strong>3. Verantwortung des Herausgebers<\/strong><\/p>\n<p style=\"text-align: justify;\">Die auf dieser Website erscheinenden Informationen und\/oder Dokumente k\u00f6nnen technische Ungenauigkeiten und typografische Fehler enthalten. Der Herausgeber beh\u00e4lt sich das Recht vor, diese zu korrigieren, sobald ihm diese Fehler bekannt werden. Der Herausgeber kann unter keinen Umst\u00e4nden f\u00fcr Sch\u00e4den jeglicher Art haftbar gemacht werden, die sich aus der Interpretation oder Nutzung der auf dieser Website verf\u00fcgbaren Informationen und\/oder Dokumente ergeben.<\/p>\n<p style=\"text-align: justify;\"><strong>4. Zugriff auf die Website<\/strong><\/p>\n<p style=\"text-align: justify;\">Der Herausgeber verpflichtet sich, sich nach besten Kr\u00e4ften darum zu bem\u00fchen, alle auf der Website verf\u00fcgbaren Dienste zug\u00e4nglich zu machen und aufrechtzuerhalten.<br \/>\nDabei ist der Herausgeber lediglich an eine Leistungspflicht gegen\u00fcber dem Nutzer gebunden, unsere Haftung kann in folgenden F\u00e4llen unter keinen Umst\u00e4nden in Anspruch genommen werden:<br \/>\n\u2013 vor\u00fcbergehende Unterbrechungen von einigen Minuten Dauer f\u00fcr die Aktualisierung bestimmter Dateien.<br \/>\n\u2013 Betriebsschwierigkeiten oder vor\u00fcbergehende Unterbrechung dieser Dienste, die au\u00dferhalb unserer Kontrolle liegen, insbesondere im Falle einer Unterbrechung der Strom- oder Telekommunikationsdienste.<br \/>\n\u2013 vor\u00fcbergehende Unterbrechungen von Diensten, die f\u00fcr deren Entwicklung oder Wartung erforderlich sind.<br \/>\n\u2013 Ausfall oder St\u00f6rungen des Internet-Netzwerks bei der \u00dcbermittlung von Nachrichten oder Dokumenten.<\/p>\n<p style=\"text-align: justify;\"><strong>5. \u00c4nderung der AGB<\/strong><\/p>\n<p style=\"text-align: justify;\">Die hier definierten AGB der Website wurden am 5. Januar 2022 online gestellt. Der Herausgeber beh\u00e4lt sich das Recht vor, sie jederzeit und ohne Vorank\u00fcndigung zu \u00e4ndern.<\/p>\n","protected":false},"excerpt":{"rendered":"<p>1. Impressum 1.1 Editor SOCIEDAD LIMITADA Menorca Lodges Stammkapital: 1.200.000 \u20ac Hauptsitz: PLAZA DEL PRINCEP,9 2\u00ba 1 07702 (MAHON) Firmenname: MENORCA LODGES Publikationsleiter: SCHWAAB JEAN FREDERIC MAURICE MARIE &amp; TOURLONIAS&#8230;<\/p>\n","protected":false},"author":1,"featured_media":0,"parent":0,"menu_order":0,"comment_status":"closed","ping_status":"closed","template":"","meta":{"inline_featured_image":false,"footnotes":""},"class_list":["post-2085","page","type-page","status-publish"],"aioseo_notices":[],"_links":{"self":[{"href":"https:\/\/menorcalodges.com\/de\/wp-json\/wp\/v2\/pages\/2085","targetHints":{"allow":["GET"]}}],"collection":[{"href":"https:\/\/menorcalodges.com\/de\/wp-json\/wp\/v2\/pages"}],"about":[{"href":"https:\/\/menorcalodges.com\/de\/wp-json\/wp\/v2\/types\/page"}],"author":[{"embeddable":true,"href":"https:\/\/menorcalodges.com\/de\/wp-json\/wp\/v2\/users\/1"}],"replies":[{"embeddable":true,"href":"https:\/\/menorcalodges.com\/de\/wp-json\/wp\/v2\/comments?post=2085"}],"version-history":[{"count":3,"href":"https:\/\/menorcalodges.com\/de\/wp-json\/wp\/v2\/pages\/2085\/revisions"}],"predecessor-version":[{"id":2229,"href":"https:\/\/menorcalodges.com\/de\/wp-json\/wp\/v2\/pages\/2085\/revisions\/2229"}],"wp:attachment":[{"href":"https:\/\/menorcalodges.com\/de\/wp-json\/wp\/v2\/media?parent=2085"}],"curies":[{"name":"wp","href":"https:\/\/api.w.org\/{rel}","templated":true}]}}