{"id":2077,"date":"2024-02-16T14:15:20","date_gmt":"2024-02-16T13:15:20","guid":{"rendered":"https:\/\/menorcalodges.com\/cookies\/"},"modified":"2024-04-15T11:37:10","modified_gmt":"2024-04-15T09:37:10","slug":"cookies","status":"publish","type":"page","link":"https:\/\/menorcalodges.com\/de\/cookies\/","title":{"rendered":"Cookies"},"content":{"rendered":"<p style=\"text-align: justify;\"><strong>Richtlinie zur Verwendung von Cookies auf der Website www.menorca-lodges.com<\/strong><\/p>\n<p style=\"text-align: justify;\">Wenn Sie sich zum ersten Mal mit der Website verbinden, werden Sie durch ein Banner unten rechts auf Ihrem Bildschirm gewarnt, dass Informationen \u00fcber Ihr Surfen in Dateien namens \u201eCookies\u201c aufgezeichnet werden k\u00f6nnen. Unsere Richtlinie zur Cookie-Nutzung erm\u00f6glicht es Ihnen, die Bestimmungen, die wir beim Surfen auf unserer Website umsetzen, besser zu verstehen. Es informiert Sie insbesondere \u00fcber alle auf unserer Website vorhandenen Cookies, deren Zweck und gibt Ihnen die Vorgehensweise zu deren Konfiguration.<\/p>\n<p style=\"text-align: justify;\"><strong>1. Allgemeine Informationen zu den auf der Website vorhandenen Cookies<\/strong><\/p>\n<p style=\"text-align: justify;\">Der Eigent\u00fcmer der Website kann als Herausgeber dieser Website ein Cookie auf der Festplatte Ihres Endger\u00e4ts (Computer, Tablet, Mobiltelefon usw.) installieren, um eine reibungslose und optimale Navigation auf unserer Website zu gew\u00e4hrleisten. \u201eCookies\u201c (oder Cookies) sind kleine Textdateien begrenzter Gr\u00f6\u00dfe, die es uns erm\u00f6glichen, Ihren Computer, Ihr Tablet oder Ihr Mobiltelefon zu erkennen, um die von uns angebotenen Dienste zu personalisieren. Die durch Cookies gesammelten Informationen erm\u00f6glichen in keiner Weise Ihre Identifizierung Name. Sie werden ausschlie\u00dflich f\u00fcr unseren eigenen Bedarf verwendet, um die Interaktivit\u00e4t und Leistung unserer Website zu verbessern und Ihnen auf Ihre Interessen zugeschnittene Inhalte zukommen zu lassen. Keine dieser Informationen wird an Dritte weitergegeben, es sei denn, der Eigent\u00fcmer der Website hat zuvor Ihr Einverst\u00e4ndnis eingeholt oder die Offenlegung dieser Informationen ist gesetzlich, durch Anordnung eines Gerichts oder einer anderen zur Kenntnisnahme befugten Verwaltungs- oder Justizbeh\u00f6rde erforderlich Um Sie besser \u00fcber die Informationen zu informieren, die Cookies identifizieren, finden Sie unten eine Tabelle mit den verschiedenen Arten von Cookies, die wahrscheinlich auf der Website verwendet werden, mit ihrem Namen, ihrem Zweck sowie ihrer Haltbarkeitsdauer.<\/p>\n<p style=\"text-align: justify;\"><strong>2. Konfigurieren Ihrer Cookie-Einstellungen<\/strong><\/p>\n<p>Sie k\u00f6nnen die Speicherung von Cookies jederzeit akzeptieren, konfigurieren oder ablehnen.<\/p>\n<p>Wenn Sie sich zum ersten Mal mit der Website verbinden, erscheint unten links auf Ihrem Bildschirm ein Banner mit kurzen Informationen zur Verwendung von Cookies und \u00e4hnlichen Technologien. Dieses Banner weist Sie darauf hin, dass Sie durch die weitere Nutzung der Website (z. B. durch Laden einer neuen Seite oder Klicken auf verschiedene Elemente der Website) die Speicherung von Cookies auf Ihrem Endger\u00e4t akzeptieren. Als Einwilligung zur Speicherung von Cookies erkl\u00e4ren Sie auch, dass Sie im Banner unten links auf dem Bildschirm auf das Symbol \u201eAlle akzeptieren\u201c klicken. Abh\u00e4ngig von der Art des betreffenden Cookies kann die Einholung Ihrer Einwilligung zur Speicherung und zum Auslesen von Cookies auf Ihrem Endger\u00e4t zwingend erforderlich sein.<\/p>\n<p style=\"text-align: justify;\"><strong>2.1 Von der Einwilligung ausgenommene Cookies<\/strong><\/p>\n<p style=\"text-align: justify;\">Gem\u00e4\u00df den Empfehlungen der Nationalen Kommission f\u00fcr Informationstechnologie und Freiheiten (CNIL) sind bestimmte Cookies von der vorherigen Einholung Ihrer Einwilligung ausgenommen, sofern sie f\u00fcr den Betrieb der Website unbedingt erforderlich sind oder ausschlie\u00dflich der Aktivierung dienen oder die Kommunikation auf elektronischem Wege zu erleichtern. Dazu geh\u00f6ren Sitzungs-ID, Authentifizierung, Load-Balancing-Sitzungscookies sowie Cookies zur Personalisierung Ihrer Benutzeroberfl\u00e4che. Diese Cookies unterliegen vollst\u00e4ndig dieser Richtlinie, soweit sie vom Website-Inhaber ausgegeben und verwaltet werden.<\/p>\n<p style=\"text-align: justify;\"><strong>2.2 F\u00fcr Cookies ist die vorherige Einholung Ihrer Einwilligung erforderlich<\/strong><\/p>\n<p>Diese Anforderung betrifft von Dritten ausgegebene Cookies, die insofern als \u201epersistent\u201c gelten, als sie auf Ihrem Endger\u00e4t verbleiben, bis sie gel\u00f6scht werden oder ablaufen. Da solche Cookies von Dritten ausgegeben werden, unterliegen ihre Verwendung und Hinterlegung deren eigenen Vertraulichkeitsrichtlinien, einen Link zu den Cookies finden Sie weiter unten. Zu dieser Cookie-Familie geh\u00f6ren Cookies zur Zielgruppenmessung (insbesondere Google Analytics), Werbe-Cookies (die der Website-Inhaber nicht verwendet) sowie Cookies zum Teilen in sozialen Netzwerken (insbesondere Facebook, YouTube, Twitter und LinkedIn). Cookies zur Zielgruppenmessung erstellen Statistiken \u00fcber die H\u00e4ufigkeit und Nutzung verschiedener Elemente der Website (z. B. die Inhalte\/Seiten, die Sie besucht haben). Diese Daten tragen zur Verbesserung der Ergonomie der Website bei.<\/p>\n<p>Auf dieser Website wird ein Tool zur Zielgruppenmessung eingesetzt:<\/p>\n<p>Google Analytics, dessen Datenschutzrichtlinie (nur auf Englisch) unter folgendem Link verf\u00fcgbar ist: www.policies.google.com\/privacy?hl=fr-CA<\/p>\n<p>Cookies zum Teilen in sozialen Netzwerken werden vom Herausgeber des betreffenden sozialen Netzwerks ausgegeben und verwaltet. Vorbehaltlich Ihrer Zustimmung erm\u00f6glichen Ihnen diese Cookies das einfache Teilen eines Teils der auf der Website ver\u00f6ffentlichten Inhalte, insbesondere \u00fcber eine \u201eTeilen\u201c-Schaltfl\u00e4che, je nach dem betreffenden sozialen Netzwerk. Auf den sozialen Netzwerken k\u00f6nnen vier Arten von Netzwerk-Sharing-Cookies vorhanden sein Website:<\/p>\n<p>Facebook, dessen Cookie-Richtlinie Sie einsehen k\u00f6nnen, indem Sie auf den folgenden Link klicken: fr-fr.facebook.com\/policies\/cookies\/<br \/>\nLinkedIn, dessen Cookie-Richtlinie Sie finden, indem Sie auf den folgenden Link klicken: www.linkedin.com\/legal\/cookie-policy?_l=fr_FR<br \/>\nYouTube, wo Sie die notwendige Hilfe zum L\u00f6schen von Cookies aus dem Google Chrome-Browser finden, indem Sie auf den folgenden Link klicken: support.google.com\/youtube\/answer\/32050?hl=fr\u00a0, aber auch die vollst\u00e4ndige Cookie-Richtlinie unter dem folgenden Link : www.google.fr\/intl\/fr\/policies\/technologies\/cookies\/2<\/p>\n<p>Ihnen stehen verschiedene Tools zum Setzen von Cookies zur Verf\u00fcgung.<\/p>\n<p>Die meisten Internetbrowser sind standardm\u00e4\u00dfig so konfiguriert, dass die Hinterlegung von Cookies zul\u00e4ssig ist. Ihr Browser bietet Ihnen die M\u00f6glichkeit, diese Standardeinstellungen so zu \u00e4ndern, dass alle Cookies systematisch abgelehnt werden oder je nach Herausgeber nur ein Teil der Cookies akzeptiert oder abgelehnt wird.<\/p>\n<p>BITTE BEACHTEN SIE: Wir machen Sie darauf aufmerksam, dass die Ablehnung der Speicherung von Cookies auf Ihrem Endger\u00e4t dennoch Ihr Benutzererlebnis sowie Ihren Zugriff auf bestimmte Dienste oder Funktionen dieser Website beeintr\u00e4chtigen kann. Gegebenenfalls lehnt der Website-Inhaber jegliche Verantwortung f\u00fcr die Folgen ab, die mit der Verschlechterung Ihrer Browserbedingungen einhergehen, die sich aus Ihrer Entscheidung ergeben, die f\u00fcr den Betrieb der Website erforderlichen Cookies abzulehnen, zu l\u00f6schen oder zu blockieren. Diese Folgen stellen keinen Schaden dar und Sie k\u00f6nnen daher keinen Schadensersatz verlangen. Ihr Browser bietet Ihnen auch die M\u00f6glichkeit, vorhandene Cookies auf Ihrem Endger\u00e4t zu l\u00f6schen oder Sie zu benachrichtigen, wenn voraussichtlich neue Cookies auf Ihrem Endger\u00e4t platziert werden. Diese Einstellungen haben keinen Einfluss auf Ihr Surfverhalten, f\u00fchren jedoch dazu, dass Sie alle Vorteile des Cookies verlieren. Bitte beachten Sie die zahlreichen Tools, die Ihnen zur Verf\u00fcgung stehen, damit Sie die auf Ihrem Endger\u00e4t platzierten Cookies konfigurieren k\u00f6nnen.<\/p>\n<p style=\"text-align: justify;\"><strong>2.3 Konfigurieren Sie Ihren Internetbrowser<\/strong><\/p>\n<p>Jeder Internetbrowser bietet eigene Einstellungen zur Cookie-Verwaltung.<\/p>\n<p>Um herauszufinden, wie Sie Ihre Cookie-Einstellungen \u00e4ndern k\u00f6nnen, finden Sie unten die Links zu den Hilfen, die Sie ben\u00f6tigen, um auf das daf\u00fcr vorgesehene Men\u00fc Ihres Browsers zuzugreifen:<\/p>\n<p>\u2013 Chrome: support.google.com\/chrome\/answer\/95647?hl=en<\/p>\n<p>\u2013 Firefox: support.mozilla.org\/fr\/kb\/activate-deactivate-cookies<\/p>\n<p>\u2013 Internet Explorer: support.microsoft.com\/fr-fr\/help\/17442\/windows-internet-explorer-delete-manage-cookies#ie=ie-11<\/p>\n<p>\u2013 Opera: help.opera.com\/Windows\/10.20\/en\/cookies.html<\/p>\n<p>\u2013 Safari: support.apple.com\/fr-fr\/guide\/safari\/sfri11471\/mac<\/p>\n<p>Weitere Informationen zu den Tools zur Cookie-Kontrolle finden Sie auf der Website der CNIL: www.cnil.fr\/fr\/cookies-les-outil-pour-les-maitriser.<\/p>\n<p>Bei Fragen oder zus\u00e4tzlichen Informationsanfragen zu dieser Cookie-Richtlinie kontaktieren Sie uns bitte \u00fcber unser Kontaktformular.<\/p>\n","protected":false},"excerpt":{"rendered":"<p>Richtlinie zur Verwendung von Cookies auf der Website www.menorca-lodges.com Wenn Sie sich zum ersten Mal mit der Website verbinden, werden Sie durch ein Banner unten rechts auf Ihrem Bildschirm gewarnt,&#8230;<\/p>\n","protected":false},"author":1,"featured_media":0,"parent":0,"menu_order":0,"comment_status":"closed","ping_status":"closed","template":"","meta":{"inline_featured_image":false,"footnotes":""},"class_list":["post-2077","page","type-page","status-publish"],"aioseo_notices":[],"_links":{"self":[{"href":"https:\/\/menorcalodges.com\/de\/wp-json\/wp\/v2\/pages\/2077","targetHints":{"allow":["GET"]}}],"collection":[{"href":"https:\/\/menorcalodges.com\/de\/wp-json\/wp\/v2\/pages"}],"about":[{"href":"https:\/\/menorcalodges.com\/de\/wp-json\/wp\/v2\/types\/page"}],"author":[{"embeddable":true,"href":"https:\/\/menorcalodges.com\/de\/wp-json\/wp\/v2\/users\/1"}],"replies":[{"embeddable":true,"href":"https:\/\/menorcalodges.com\/de\/wp-json\/wp\/v2\/comments?post=2077"}],"version-history":[{"count":1,"href":"https:\/\/menorcalodges.com\/de\/wp-json\/wp\/v2\/pages\/2077\/revisions"}],"predecessor-version":[{"id":2232,"href":"https:\/\/menorcalodges.com\/de\/wp-json\/wp\/v2\/pages\/2077\/revisions\/2232"}],"wp:attachment":[{"href":"https:\/\/menorcalodges.com\/de\/wp-json\/wp\/v2\/media?parent=2077"}],"curies":[{"name":"wp","href":"https:\/\/api.w.org\/{rel}","templated":true}]}}