{"id":2088,"date":"2024-02-16T14:15:20","date_gmt":"2024-02-16T13:15:20","guid":{"rendered":"https:\/\/menorcalodges.com\/politique-de-confidentialite\/"},"modified":"2024-04-12T16:30:12","modified_gmt":"2024-04-12T14:30:12","slug":"privadesa","status":"publish","type":"page","link":"https:\/\/menorcalodges.com\/ca\/privadesa\/","title":{"rendered":"Privadesa"},"content":{"rendered":"<p style=\"text-align: justify;\"><strong>Pol\u00edtica de confidencialitat relativa al lloc www.menorca-lodges.com<\/strong><\/p>\n<p>Aquesta pol\u00edtica de privacitat defineix i informa de la forma en qu\u00e8 el Titular del Lloc utilitza i protegeix la informaci\u00f3 que l&#8217;Usuari transmet, si escau, en utilitzar el Lloc accessible des de la seg\u00fcent URL: www.menorca -lodges.com (en endavant el \u201cLloc \u201d).<\/p>\n<p>Tingueu en compte que aquesta pol\u00edtica de confidencialitat pot ser modificada o complementada en qualsevol moment, especialment amb la finalitat de donar compliment a qualsevol novetat legislativa, normativa, jurisprudencial o tecnol\u00f2gica. En aquest cas, la data de la seva actualitzaci\u00f3 s&#8217;identificar\u00e0 clarament a la part superior d&#8217;aquesta pol\u00edtica. Aquestes modificacions vinculen l&#8217;Usuari tan bon punt es posen en l\u00ednia. Per tant, l&#8217;Usuari ha de consultar peri\u00f2dicament aquesta pol\u00edtica de confidencialitat i \u00fas de cookies per tal d&#8217;estar al corrent de qualsevol modificaci\u00f3.<\/p>\n<p style=\"text-align: justify;\"><strong>I. Dades personals<\/strong><\/p>\n<p>En termes generals, podeu visitar el lloc sense proporcionar cap informaci\u00f3 personal sobre vosaltres mateixos. En qualsevol cas, vost\u00e8 no est\u00e0 de cap manera obligat a transmetre aquesta informaci\u00f3 al propietari del lloc.<\/p>\n<p>No obstant aix\u00f2, en cas de denegaci\u00f3, \u00e9s possible que no us pugueu beneficiar de determinades informacions o serveis que h\u00e0giu sol\u00b7licitat. Com a tal, en determinats casos, es pot requerir que el Propietari us demani que proporcioneu el vostre nom, nom, adre\u00e7a postal, adre\u00e7a de correu electr\u00f2nic, n\u00famero de tel\u00e8fon, empresa i c\u00e0rrec i altra informaci\u00f3 que us concerneixi (d&#8217;ara endavant, la vostra &#8220;Informaci\u00f3 personal&#8221;). . En facilitar aquesta informaci\u00f3, acceptes expressament que sigui tractada pel Titular del Lloc, per a les finalitats indicades en el punt 2 seg\u00fcent aix\u00ed com per a les finalitats possiblement esmentades al final de cada formulari.<\/p>\n<p>D&#8217;acord amb el Reglament General de Protecci\u00f3 de Dades aprovat pel Parlament Europeu el 14 d&#8217;abril de 2016, i la Llei de Protecci\u00f3 de Dades de 6 de gener de 1978 modificada, SOS GRPD l&#8217;informa dels seg\u00fcents punts:<\/p>\n<p style=\"text-align: justify;\"><strong>1. Identitat del responsable del tractament<\/strong><\/p>\n<p style=\"text-align: justify;\">El responsable del tractament \u00e9s el propietari del lloc les dades de contacte del qual s&#8217;indiquen al lloc.<\/p>\n<p style=\"text-align: justify;\"><strong>2. Finalitats del tractament<\/strong><\/p>\n<p style=\"text-align: justify;\">El propietari del LLOC pot tractar la vostra informaci\u00f3 personal:<\/p>\n<p>(a) amb la finalitat de proporcionar-vos la informaci\u00f3 o els serveis que heu sol\u00b7licitat (en particular: enviar el Butllet\u00ed, ofertes comercials, llibres blancs o fins i tot avaluar el vostre nivell de compliment mitjan\u00e7ant un q\u00fcestionari); i o<\/p>\n<p>(b) amb la finalitat de recopilar informaci\u00f3 que ens permeti millorar el lloc, els productes i els serveis (en particular mitjan\u00e7ant galetes); i o<\/p>\n<p>(c) a l&#8217;efecte de poder contactar amb vost\u00e8 en relaci\u00f3 amb diversos esdeveniments relacionats amb la relaci\u00f3 comercial, incloses, en particular, actualitzacions de productes i assist\u00e8ncia al client.<\/p>\n<p style=\"text-align: justify;\"><strong>3. Destinataris<\/strong><\/p>\n<p style=\"text-align: justify;\">Nom\u00e9s el propietari del lloc \u00e9s el destinatari de la vostra informaci\u00f3 personal. Aquestes, ja siguin individuals o agregades, mai es transmeten a un tercer, sense perjudici dels subcontractistes utilitzats pel Titular del Lloc (trobareu m\u00e9s informaci\u00f3 sobre ells al punt 7 seg\u00fcent). Ni el propietari del lloc ni cap dels seus subcontractistes venen les dades personals dels visitants i usuaris del seu lloc.<\/p>\n<p style=\"text-align: justify;\"><strong>4. La durada de la conversa<\/strong><\/p>\n<p style=\"text-align: justify;\">La seva informaci\u00f3 personal \u00e9s conservada pel titular del lloc nom\u00e9s durant el temps corresponent a la finalitat de la recollida tal com s&#8217;indica a l&#8217;apartat 2 anterior, que en cap cas no pot superar els 24 mesos.<\/p>\n<p style=\"text-align: justify;\"><strong>5. Drets i Llibertats Inform\u00e0tiques<\/strong><\/p>\n<p>Teniu els seg\u00fcents drets sobre la vostra informaci\u00f3 personal, que podeu exercir escrivint-nos a l&#8217;adre\u00e7a postal esmentada al Lloc o emplenant el formulari de contacte del Lloc.<\/p>\n<p>Dret d&#8217;acc\u00e9s i comunicaci\u00f3 de dades<br \/>\nTeniu dret a accedir a la informaci\u00f3 personal que us concerneix.<\/p>\n<p>No obstant aix\u00f2, a causa de l&#8217;obligaci\u00f3 de seguretat i confidencialitat en el tractament de les dades personals que incumbeix al propietari del lloc, se li informa que la seva sol\u00b7licitud ser\u00e0 processada sempre que aporti una prova de la seva identitat, en particular mitjan\u00e7ant la presentaci\u00f3 d&#8217;un escaneig de el vostre document d&#8217;identitat v\u00e0lid (si se sol\u00b7licita mitjan\u00e7ant el nostre formulari o una fotoc\u00f2pia signada del vostre document d&#8217;identitat v\u00e0lid (si se sol\u00b7licita per escrit).<\/p>\n<p>El Titular del Lloc l&#8217;informa que tindr\u00e0 dret, si escau, a oposar-se a les sol\u00b7licituds manifestament abusives (pel seu nombre, car\u00e0cter repetitiu o sistem\u00e0tic).<\/p>\n<p>Per ajudar-te en el teu proc\u00e9s, especialment si vols exercir el teu dret d&#8217;acc\u00e9s mitjan\u00e7ant una sol\u00b7licitud escrita a l&#8217;adre\u00e7a postal esmentada en el punt 1, trobar\u00e0s clicant al seg\u00fcent enlla\u00e7 un model de carta elaborat per la Comissi\u00f3 Nacional de Tecnologies de la Informaci\u00f3 i Llibertats (la \u201cCNIL\u201d).<\/p>\n<p>www.cnil.fr\/fr\/modele\/courrier\/entreprises-son-droit-dacces<\/p>\n<p>Dret a la rectificaci\u00f3 de les dades<br \/>\nEn virtut d&#8217;aquest dret, la legislaci\u00f3 l&#8217;autoritza a sol\u00b7licitar la rectificaci\u00f3, l&#8217;actualitzaci\u00f3, el bloqueig o fins i tot la supressi\u00f3 de les dades que us concerneixen que puguin resultar inexactes, err\u00f2nies, incompletes o obsoletes.<\/p>\n<p>Tamb\u00e9 podeu definir directrius generals i espec\u00edfiques relacionades amb el dest\u00ed de les dades personals despr\u00e9s de la vostra mort. Si escau, els hereus d&#8217;una persona difunta poden exigir tenir en compte la mort del seu \u00e9sser estimat i\/o fer les actualitzacions necess\u00e0ries.<\/p>\n<p>Per ajudar-lo en el seu proc\u00e9s, especialment si desitja exercir, en nom propi o en nom d&#8217;un dels seus \u00e9ssers estimats difunts, el seu dret de rectificaci\u00f3 mitjan\u00e7ant una sol\u00b7licitud escrita a l&#8217;adre\u00e7a postal esmentada en el punt 1. trobar clicant al seg\u00fcent enlla\u00e7 un model de carta desenvolupat per la CNIL.<\/p>\n<p>www.cnil.fr\/fr\/modele\/courrier\/rectifier-des-donnees-inexactes-obsoletes-ou-perimees<\/p>\n<p>Dret d&#8217;oposici\u00f3<br \/>\nL&#8217;exercici d&#8217;aquest dret nom\u00e9s \u00e9s possible en una de les dues situacions seg\u00fcents:<\/p>\n<p>Quan l&#8217;exercici d&#8217;aquest dret es fonamenta en motius leg\u00edtims; O<br \/>\nQuan l&#8217;exercici d&#8217;aquest dret tingui com a finalitat evitar que les dades recollides siguin utilitzades amb finalitats de prospecci\u00f3 comercial.<br \/>\nPer ajudar-lo en el seu proc\u00e9s, especialment si desitja exercir el seu dret d&#8217;oposici\u00f3 mitjan\u00e7ant una sol\u00b7licitud escrita dirigida a l&#8217;adre\u00e7a postal indicada en el punt 1, trobar\u00e0 clicant en el seg\u00fcent enlla\u00e7 un model de carta desenvolupat per la CNIL.<\/p>\n<p>www.cnil.fr\/fr\/modele\/courrier\/supprimer-des-information-vous-concernant-dun-site-internet<\/p>\n<p style=\"text-align: justify;\"><strong>6. Durada de la resposta<\/strong><\/p>\n<p style=\"text-align: justify;\">El Titular del Lloc es compromet a respondre a la seva sol\u00b7licitud d&#8217;acc\u00e9s, rectificaci\u00f3 o oposici\u00f3 o qualsevol altra sol\u00b7licitud addicional d&#8217;informaci\u00f3 en un termini raonable que no pot excedir d&#8217;1 mes des de la recepci\u00f3 de la seva sol\u00b7licitud.<\/p>\n<p style=\"text-align: justify;\"><strong>7. Prove\u00efdors de serveis autoritzats i transfer\u00e8ncia a un tercer pa\u00eds de la Uni\u00f3 Europea<\/strong><\/p>\n<p>El Titular l&#8217;informa que utilitza els seus prove\u00efdors de serveis autoritzats per facilitar la recollida i tractament de les dades que ens hagi comunicat. Aquests prove\u00efdors de serveis es troben a la Uni\u00f3 Europea i comuniquen les dades recollides a trav\u00e9s dels diferents formularis del Lloc.<\/p>\n<p>El Titular del Lloc s&#8217;ha assegurat pr\u00e8viament que els seus prove\u00efdors de serveis implementen les garanties adequades i compleixen unes condicions estrictes en mat\u00e8ria de confidencialitat, \u00fas i protecci\u00f3 de les dades.<\/p>\n","protected":false},"excerpt":{"rendered":"<p>Pol\u00edtica de confidencialitat relativa al lloc www.menorca-lodges.com Aquesta pol\u00edtica de privacitat defineix i informa de la forma en qu\u00e8 el Titular del Lloc utilitza i protegeix la informaci\u00f3 que l&#8217;Usuari&#8230;<\/p>\n","protected":false},"author":1,"featured_media":0,"parent":0,"menu_order":0,"comment_status":"closed","ping_status":"closed","template":"","meta":{"inline_featured_image":false,"footnotes":""},"class_list":["post-2088","page","type-page","status-publish"],"aioseo_notices":[],"_links":{"self":[{"href":"https:\/\/menorcalodges.com\/ca\/wp-json\/wp\/v2\/pages\/2088","targetHints":{"allow":["GET"]}}],"collection":[{"href":"https:\/\/menorcalodges.com\/ca\/wp-json\/wp\/v2\/pages"}],"about":[{"href":"https:\/\/menorcalodges.com\/ca\/wp-json\/wp\/v2\/types\/page"}],"author":[{"embeddable":true,"href":"https:\/\/menorcalodges.com\/ca\/wp-json\/wp\/v2\/users\/1"}],"replies":[{"embeddable":true,"href":"https:\/\/menorcalodges.com\/ca\/wp-json\/wp\/v2\/comments?post=2088"}],"version-history":[{"count":3,"href":"https:\/\/menorcalodges.com\/ca\/wp-json\/wp\/v2\/pages\/2088\/revisions"}],"predecessor-version":[{"id":2201,"href":"https:\/\/menorcalodges.com\/ca\/wp-json\/wp\/v2\/pages\/2088\/revisions\/2201"}],"wp:attachment":[{"href":"https:\/\/menorcalodges.com\/ca\/wp-json\/wp\/v2\/media?parent=2088"}],"curies":[{"name":"wp","href":"https:\/\/api.w.org\/{rel}","templated":true}]}}