{"id":2084,"date":"2024-02-16T14:15:20","date_gmt":"2024-02-16T13:15:20","guid":{"rendered":"https:\/\/menorcalodges.com\/mentions-legales\/"},"modified":"2024-04-12T16:34:29","modified_gmt":"2024-04-12T14:34:29","slug":"avisos-legals","status":"publish","type":"page","link":"https:\/\/menorcalodges.com\/ca\/avisos-legals\/","title":{"rendered":"Avisos legals"},"content":{"rendered":"<h1 style=\"text-align: justify;\">1. Av\u00eds Legal<\/h1>\n<p style=\"text-align: justify;\"><strong>1.1 Editor<\/strong><\/p>\n<p>SOCIEDAD LIMITADA Menorca Lodges<br \/>\nCapital social: 1.200.000 \u20ac<br \/>\nSeu central: PLAZA DEL PRINCEP,9 2\u00ba 1 07702 (MAHON)<\/p>\n<p>Nom comercial: MENORCA LODGES<\/p>\n<p>Director de publicaci\u00f3: SCHWAAB JEAN FREDERIC MAURICE MARIE &amp; TOURLONIAS VERONIQUE<\/p>\n<p style=\"text-align: justify;\"><strong>1.2 web Hosting<\/strong><\/p>\n<p>B2 Network SARL<\/p>\n<p>15 carrer Jean Claret<br \/>\n63.000 Clermont-Ferrand<br \/>\nSARL amb un capital de 50.000 euros<br \/>\nRCS: Clermont Ferrand 793 496 662<br \/>\nDirector de publicaci\u00f3: Nicolas BELAN<\/p>\n<p style=\"text-align: justify;\"><strong>1.3 Propietat del lloc www.menorca-lodges.com<\/strong><\/p>\n<p style=\"text-align: justify;\">Aquest lloc est\u00e0 subjecte als tractats internacionals i a la legislaci\u00f3 francesa sobre drets d&#8217;autor i propietat intel\u00b7lectual i compleix amb les disposicions de la Llei n\u00fam. 2004-575 de 21 de juny de 2004 per a la confian\u00e7a en l&#8217;economia digital. Queda totalment prohibida la reproducci\u00f3 total o parcial d&#8217;aquest lloc sense l&#8217;autoritzaci\u00f3 expressa de Menorca Lodges.<\/p>\n<p style=\"text-align: justify;\"><strong>II. Termes del servei<\/strong><\/p>\n<p style=\"text-align: justify;\">L&#8217;empresa Menorca Lodges (d&#8217;ara endavant, &#8220;l&#8217;editor&#8221;) publica un lloc aparador www.menorca-lodges.com (d&#8217;ara endavant, el &#8220;lloc&#8221;).<br \/>\nAquestes condicions generals d&#8217;\u00fas (d&#8217;ara endavant &#8220;CGU&#8221;), subjectes a la llei francesa, tenen com a finalitat regular l&#8217;\u00fas del lloc.<br \/>\nEl simple acc\u00e9s al lloc de l&#8217;editor, a la seg\u00fcent adre\u00e7a URL www.menorca-lodges.com, implica autom\u00e0ticament l&#8217;acceptaci\u00f3 expressa i sense reserves dels T&amp;C per part de l&#8217;usuari del lloc.<\/p>\n<p style=\"text-align: justify;\"><strong>1. Propietat intel \u00b7 lectual<\/strong><\/p>\n<p style=\"text-align: justify;\"><strong>1.1 Propietat liter\u00e0ria i art\u00edstica<\/strong><\/p>\n<p>L&#8217;empresa Menorca Lodges \u00e9s titular de tots els drets de propietat intel\u00b7lectual relatius al lloc.<br \/>\nL&#8217;acc\u00e9s al lloc no atorga a l&#8217;usuari cap dret sobre els drets de propietat intel\u00b7lectual relatius al lloc, que segueixen sent propietat exclusiva de Menorca Lodges. Els elements seg\u00fcents estan especialment protegits per les lleis franceses i internacionals relacionades amb la propietat intel\u00b7lectual:<br \/>\n\u2013 La c\u00e0rrega gr\u00e0fica (logotip, conjunts de fonts, codificaci\u00f3 de colors, contingut editorial, elecci\u00f3 i posicionament de les il\u00b7lustracions);<br \/>\n\u2013 L&#8217;aspecte de navegaci\u00f3 (conjunt de funcionalitats que permeten a l&#8217;usuari navegar pel lloc);<br \/>\n\u2013 L&#8217;aspecte general del lloc.<\/p>\n<p>D&#8217;acord amb l&#8217;article L122-4 del Codi de la Propietat Intel\u00b7lectual, l&#8217;explotaci\u00f3 no autoritzada pr\u00e8viament per Menorca Lodges, per qualsevol motiu, de tot o part del lloc podr\u00e0 ser objecte de qualsevol actuaci\u00f3 oportuna, en particular d&#8217;una acci\u00f3 d&#8217;infracci\u00f3.<\/p>\n<p style=\"text-align: justify;\"><strong>2. Hiperenlla\u00e7os<\/strong><\/p>\n<p style=\"text-align: justify;\">El lloc pot contenir enlla\u00e7os d&#8217;hipertext a altres llocs d&#8217;Internet. Els enlla\u00e7os a aquests altres recursos us allunyen del lloc. L&#8217;editor declina tota responsabilitat relativa al contingut d&#8217;aquests llocs de tercers i no es fa responsable de l&#8217;\u00fas que en puguin fer els usuaris.<br \/>\n\u00c9s possible crear un enlla\u00e7 a la p\u00e0gina de presentaci\u00f3 del lloc sense autoritzaci\u00f3 expressa de l&#8217;editor. L&#8217;editor no pot exigir cap autoritzaci\u00f3 o sol\u00b7licitud d&#8217;informaci\u00f3 pr\u00e8via pel que fa a un lloc de tercers que vulgui establir un enlla\u00e7 al lloc de l&#8217;editor. Tanmateix, aquest lloc s&#8217;hauria de mostrar en una nova finestra del navegador. No obstant aix\u00f2, l&#8217;editor es reserva el dret de sol\u00b7licitar la supressi\u00f3 d&#8217;un enlla\u00e7 que consideri no coherent amb la finalitat del lloc o si aquest enlla\u00e7 resulta d&#8217;un enfocament deliberat i malici\u00f3s, dut a terme amb ple coneixement dels fets per part de l&#8217;operador de el lloc original.<br \/>\nFinalment, qualsevol creaci\u00f3 d&#8217;un enlla\u00e7 d&#8217;hipertext qualificat de \u201cprofund\u201d o l&#8217;\u00fas de \u201cframing\u201d o \u201cinline linking\u201d, entre d&#8217;altres, requereix l&#8217;autoritzaci\u00f3 pr\u00e8via expressa de l&#8217;editor.<\/p>\n<p style=\"text-align: justify;\"><strong>3. Responsabilitat de l&#8217;editor<\/strong><\/p>\n<p style=\"text-align: justify;\">La informaci\u00f3 i\/o documents que apareixen en aquest lloc poden contenir imprecisions t\u00e8cniques i errors tipogr\u00e0fics. L&#8217;editorial es reserva el dret de corregir-los tan aviat com aquests errors es posen a la seva atenci\u00f3. L&#8217;editor no es fa responsable en cap cas dels danys de qualsevol naturalesa derivats de la interpretaci\u00f3 o \u00fas de la informaci\u00f3 i\/o documents disponibles en aquest lloc.<\/p>\n<p style=\"text-align: justify;\"><strong>4. Acc\u00e9s al lloc<\/strong><\/p>\n<p style=\"text-align: justify;\">L&#8217;editor es compromet a fer els millors esfor\u00e7os per fer i mantenir accessibles tots els serveis disponibles al lloc.<br \/>\nEn aquest sentit, l&#8217;editor nom\u00e9s est\u00e0 obligat per una obligaci\u00f3 de mitjans envers l&#8217;usuari, no es pot exigir en cap cas la nostra responsabilitat en els casos seg\u00fcents:<br \/>\n\u2013 interrupcions moment\u00e0nia d&#8217;uns minuts per a l&#8217;actualitzaci\u00f3 de determinats fitxers.<br \/>\n\u2013 dificultats de funcionament o interrupci\u00f3 temporal d&#8217;aquests serveis fora del nostre control, especialment en cas d&#8217;interrupci\u00f3 dels serveis el\u00e8ctrics o de telecomunicacions.<br \/>\n\u2013 interrupcions temporals dels serveis necessaris per al seu desenvolupament o manteniment.<br \/>\n\u2013 fallada o mal funcionament de la xarxa d&#8217;Internet en la transmissi\u00f3 de missatges o documents.<\/p>\n<p style=\"text-align: justify;\"><strong>5. Modificaci\u00f3 dels T&amp;C<\/strong><\/p>\n<p style=\"text-align: justify;\">Els T&amp;C del lloc, aqu\u00ed definits, es van posar en l\u00ednia el 5 d&#8217;abril de 2024. L&#8217;editor es reserva el dret de modificar-los en qualsevol moment i sense previ av\u00eds.<\/p>\n","protected":false},"excerpt":{"rendered":"<p>1. Av\u00eds Legal 1.1 Editor SOCIEDAD LIMITADA Menorca Lodges Capital social: 1.200.000 \u20ac Seu central: PLAZA DEL PRINCEP,9 2\u00ba 1 07702 (MAHON) Nom comercial: MENORCA LODGES Director de publicaci\u00f3: SCHWAAB&#8230;<\/p>\n","protected":false},"author":1,"featured_media":0,"parent":0,"menu_order":0,"comment_status":"closed","ping_status":"closed","template":"","meta":{"inline_featured_image":false,"footnotes":""},"class_list":["post-2084","page","type-page","status-publish"],"aioseo_notices":[],"_links":{"self":[{"href":"https:\/\/menorcalodges.com\/ca\/wp-json\/wp\/v2\/pages\/2084","targetHints":{"allow":["GET"]}}],"collection":[{"href":"https:\/\/menorcalodges.com\/ca\/wp-json\/wp\/v2\/pages"}],"about":[{"href":"https:\/\/menorcalodges.com\/ca\/wp-json\/wp\/v2\/types\/page"}],"author":[{"embeddable":true,"href":"https:\/\/menorcalodges.com\/ca\/wp-json\/wp\/v2\/users\/1"}],"replies":[{"embeddable":true,"href":"https:\/\/menorcalodges.com\/ca\/wp-json\/wp\/v2\/comments?post=2084"}],"version-history":[{"count":5,"href":"https:\/\/menorcalodges.com\/ca\/wp-json\/wp\/v2\/pages\/2084\/revisions"}],"predecessor-version":[{"id":2205,"href":"https:\/\/menorcalodges.com\/ca\/wp-json\/wp\/v2\/pages\/2084\/revisions\/2205"}],"wp:attachment":[{"href":"https:\/\/menorcalodges.com\/ca\/wp-json\/wp\/v2\/media?parent=2084"}],"curies":[{"name":"wp","href":"https:\/\/api.w.org\/{rel}","templated":true}]}}