{"id":2076,"date":"2024-02-16T14:15:20","date_gmt":"2024-02-16T13:15:20","guid":{"rendered":"https:\/\/menorcalodges.com\/cookies\/"},"modified":"2024-04-12T16:27:12","modified_gmt":"2024-04-12T14:27:12","slug":"cookies","status":"publish","type":"page","link":"https:\/\/menorcalodges.com\/ca\/cookies\/","title":{"rendered":"Cookies"},"content":{"rendered":"<p style=\"text-align: justify;\"><strong>Pol\u00edtica relativa a l&#8217;\u00fas de cookies al lloc www.menorca-lodges.com<\/strong><\/p>\n<p style=\"text-align: justify;\">Quan us connecteu per primera vegada al Lloc, un b\u00e0ner a la part inferior dreta de la pantalla us avisa que la informaci\u00f3 relacionada amb la vostra navegaci\u00f3 es pot registrar en fitxers anomenats &#8220;cookies&#8221;. La nostra pol\u00edtica d&#8217;\u00fas de galetes us permet entendre millor les disposicions que implementem quan navegueu pel nostre lloc web. L&#8217;informa en particular sobre totes les cookies presents al nostre lloc web, la seva finalitat i li d\u00f3na el procediment a seguir per configurar-les.<\/p>\n<p style=\"text-align: justify;\"><strong>1. Informaci\u00f3 general sobre les cookies presents al Lloc<\/strong><\/p>\n<p style=\"text-align: justify;\">El Titular del Lloc, com a editor d&#8217;aquest lloc web, pot instal\u00b7lar una cookie al disc dur del seu terminal (ordinador, tauleta, m\u00f2bil, etc.) per tal de garantir una navegaci\u00f3 fluida i \u00f2ptima pel nostre lloc web. Les &#8220;cookies&#8221; (o cookies) s\u00f3n petits fitxers de text de mida limitada que ens permeten recon\u00e8ixer el vostre ordinador, tauleta o m\u00f2bil per personalitzar els serveis que us oferim. La informaci\u00f3 recollida a trav\u00e9s de les cookies no permet de cap manera que us identifiqueu. nom. S&#8217;utilitzen exclusivament per a les nostres pr\u00f2pies necessitats per tal de millorar la interactivitat i el rendiment del nostre lloc web i per enviar-te continguts adaptats als teus interessos. Cap d&#8217;aquesta informaci\u00f3 no es comunica a tercers excepte quan el Titular del Lloc hagi obtingut el seu consentiment previ o quan la divulgaci\u00f3 d&#8217;aquesta informaci\u00f3 sigui exigida per llei, per ordre judicial o qualsevol altra autoritat administrativa o judicial autoritzada a con\u00e8ixer-la. informar-vos millor sobre la informaci\u00f3 que identifiquen les galetes, trobareu a continuaci\u00f3 una taula amb els diferents tipus de galetes susceptibles d&#8217;utilitzar-se al Lloc, el seu nom, la seva finalitat aix\u00ed com la seva vida \u00fatil.<\/p>\n<p style=\"text-align: justify;\"><strong>2. Configuraci\u00f3 de les vostres prefer\u00e8ncies de galetes<\/strong><\/p>\n<p style=\"text-align: justify;\">Podeu acceptar, configurar o rebutjar el dip\u00f2sit de cookies en qualsevol moment.<\/p>\n<p style=\"text-align: justify;\">Quan us connecteu per primera vegada al lloc, apareix un b\u00e0ner que presenta breument informaci\u00f3 relacionada amb l&#8217;\u00fas de cookies i tecnologies similars a la part inferior esquerra de la pantalla. Aquest b\u00e0ner t&#8217;adverteix que en continuar navegant pel Lloc (carregant una p\u00e0gina nova o fent clic a diversos elements del lloc per exemple), acceptes l&#8217;emmagatzematge de cookies al teu terminal. Tamb\u00e9 es considera que heu donat el vostre consentiment per al dip\u00f2sit de galetes fent clic a la icona &#8220;Acceptar-les totes&#8221; al b\u00e0ner de la part inferior esquerra de la pantalla. Segons el tipus de cookie en q\u00fcesti\u00f3, pot ser imprescindible obtenir el seu consentiment per dipositar i llegir les cookies al seu terminal.<\/p>\n<p style=\"text-align: justify;\"><strong>2.1 Cookies exemptes de consentiment<\/strong><\/p>\n<p style=\"text-align: justify;\">D&#8217;acord amb les recomanacions de la Comissi\u00f3 Nacional d&#8217;Inform\u00e0tica i Llibertats (CNIL), determinades cookies queden exemptes de la recollida pr\u00e8via del seu consentiment en la mesura que siguin estrictament necess\u00e0ries per al funcionament del lloc web o tinguin la finalitat exclusiva d&#8217;habilitar. o facilitar la comunicaci\u00f3 per mitjans electr\u00f2nics. Aquests inclouen l&#8217;identificador de sessi\u00f3, l&#8217;autenticaci\u00f3, les galetes de sessi\u00f3 d&#8217;equilibri de c\u00e0rrega, aix\u00ed com les galetes per personalitzar la vostra interf\u00edcie. Aquestes galetes estan totalment subjectes a aquesta pol\u00edtica en la mesura que s\u00f3n emeses i gestionades pel propietari del lloc.<\/p>\n<p style=\"text-align: justify;\"><strong>2.2 Cookies que requereixen la recollida pr\u00e8via del seu consentiment<\/strong><\/p>\n<p style=\"text-align: justify;\">Aquest requisit es refereix a les cookies emeses per tercers i que es consideren \u201cpersistents\u201d en la mesura que romanen al vostre terminal fins que s&#8217;eliminin o caduquin. Com que aquestes cookies s\u00f3n emeses per tercers, el seu \u00fas i dip\u00f2sit estan subjectes a les seves pr\u00f2pies pol\u00edtiques de privadesa, un enlla\u00e7 al qual trobareu a continuaci\u00f3. Aquesta fam\u00edlia de galetes inclou galetes de mesura d&#8217;audi\u00e8ncia (en particular, Google Analytics), galetes publicit\u00e0ries (que el propietari del lloc no utilitza) aix\u00ed com galetes per compartir xarxes socials (en particular, Facebook, YouTube, Twitter) i LinkedIn). Les cookies de mesura d&#8217;audi\u00e8ncia estableixen estad\u00edstiques sobre la freq\u00fcentaci\u00f3 i l&#8217;\u00fas de diversos elements del lloc web (com ara els continguts\/p\u00e0gines que has visitat). Aquestes dades contribueixen a millorar l&#8217;ergonomia del Lloc.<\/p>\n<p style=\"text-align: justify;\">En aquest lloc web s&#8217;utilitza una eina de mesura de l&#8217;audi\u00e8ncia:<\/p>\n<ul style=\"text-align: justify;\">\n<li>Google Analytics la pol\u00edtica de privadesa del qual est\u00e0 disponible (nom\u00e9s en angl\u00e8s) des del seg\u00fcent enlla\u00e7 : <a href=\"https:\/\/policies.google.com\/privacy?hl=fr-CA\" target=\"_blank\" rel=\"noopener noreferrer\">www.policies.google.com\/privacy?hl=fr-CA<\/a><\/li>\n<\/ul>\n<p style=\"text-align: justify;\">Les galetes per compartir xarxes socials s\u00f3n emeses i gestionades per l&#8217;editor de la xarxa social en q\u00fcesti\u00f3. Amb el vostre consentiment, aquestes galetes us permeten compartir f\u00e0cilment part del contingut publicat al Lloc, en particular mitjan\u00e7ant un &#8220;bot\u00f3&#8221; d&#8217;aplicaci\u00f3 per compartir en funci\u00f3 de la xarxa social en q\u00fcesti\u00f3. Quatre tipus de galetes per compartir xarxes Les xarxes socials poden estar presents a la Lloc:<\/p>\n<ul style=\"text-align: justify;\">\n<li>Facebook, la pol\u00edtica de cookies del qual podeu consultar fent clic al seg\u00fcent enlla\u00e7: fr-fr.facebook.com\/policies\/cookies\/<\/li>\n<li>LinkedIn, la pol\u00edtica de cookies del qual trobareu fent clic al seg\u00fcent enlla\u00e7: www.linkedin.com\/legal\/cookie-policy?_l=fr_FR<\/li>\n<li>YouTube, on trobareu l&#8217;ajuda necess\u00e0ria per eliminar les galetes del navegador Google Chrome fent clic al seg\u00fcent enlla\u00e7: support.google.com\/youtube\/answer\/32050?hl=fr\u00a0per\u00f2 tamb\u00e9 la pol\u00edtica de galetes completa a des del seg\u00fcent enlla\u00e7 : www.google.fr\/intl\/fr\/policies\/technologies\/cookies\/2<\/li>\n<\/ul>\n<p>Teniu diverses eines de configuraci\u00f3 de galetes a la vostra disposici\u00f3.<\/p>\n<p>La majoria dels navegadors d&#8217;Internet estan configurats per defecte perqu\u00e8 s&#8217;autoritzi el dip\u00f2sit de cookies. El vostre navegador us ofereix l&#8217;oportunitat de modificar aquesta configuraci\u00f3 est\u00e0ndard de manera que totes les cookies siguin rebutjades sistem\u00e0ticament o nom\u00e9s algunes de les cookies siguin acceptades o rebutjades en funci\u00f3 del seu emissor.<\/p>\n<p style=\"text-align: justify;\"><strong>ATENCI\u00d3:<\/strong> Cridem la seva atenci\u00f3 sobre el fet que, no obstant aix\u00f2, rebutjar la col\u00b7locaci\u00f3 de cookies al seu terminal pot alterar la seva experi\u00e8ncia d&#8217;usuari aix\u00ed com el seu acc\u00e9s a determinats serveis o funcionalitats d&#8217;aquest Lloc. Si escau, el Titular del Lloc declina tota responsabilitat per les conseq\u00fc\u00e8ncies vinculades al deteriorament de les seves condicions de navegaci\u00f3 que es produeixin per la seva elecci\u00f3 de rebutjar, eliminar o bloquejar les cookies necess\u00e0ries per al funcionament del lloc. Aquestes conseq\u00fc\u00e8ncies no poden suposar danys i no podr\u00e0s reclamar cap indemnitzaci\u00f3 com a conseq\u00fc\u00e8ncia. El teu navegador tamb\u00e9 permet eliminar les galetes existents al teu terminal o avisar-te quan \u00e9s probable que s&#8217;hi col\u00b7loquin noves galetes al teu terminal. . Aquestes configuracions no tenen cap impacte en la seva navegaci\u00f3 per\u00f2 fan que perdi tots els avantatges que ofereix la cookie.Si us plau, tingueu en compte a continuaci\u00f3 les m\u00faltiples eines de qu\u00e8 disposeu perqu\u00e8 pugueu configurar les cookies col\u00b7locades al vostre terminal.<\/p>\n<p style=\"text-align: justify;\"><strong>2.3 Configuraci\u00f3 del navegador d&#8217;Internet<\/strong><\/p>\n<p style=\"text-align: justify;\">Cada navegador d&#8217;Internet ofereix la seva pr\u00f2pia configuraci\u00f3 de gesti\u00f3 de galetes.<\/p>\n<p>Per saber com modificar les teves prefer\u00e8ncies de cookies, trobar\u00e0s a continuaci\u00f3 els enlla\u00e7os a l&#8217;ajuda necess\u00e0ria per accedir al men\u00fa del teu navegador previst a tal efecte:<\/p>\n<p>\u2013 Chrome: support.google.com\/chrome\/answer\/95647?hl=ca<\/p>\n<p>\u2013 Firefox: support.mozilla.org\/fr\/kb\/activate-deactivate-cookies<\/p>\n<p>\u2013 Internet Explorer: support.microsoft.com\/fr-fr\/help\/17442\/windows-internet-explorer-delete-manage-cookies#ie=ie-11<\/p>\n<p>\u2013 Opera: help.opera.com\/Windows\/10.20\/fr\/cookies.html<\/p>\n<p>\u2013 Safari: support.apple.com\/fr-fr\/guide\/safari\/sfri11471\/mac<\/p>\n<p>Per a m\u00e9s informaci\u00f3 sobre les eines de control de cookies, podeu consultar el lloc web de la CNIL: www.cnil.fr\/fr\/cookies-les-outil-pour-les-maitriser.<\/p>\n<p>Per a qualsevol pregunta o sol\u00b7licitud addicional d&#8217;informaci\u00f3 relacionada amb aquesta pol\u00edtica de cookies, poseu-vos en contacte amb nosaltres mitjan\u00e7ant el nostre formulari de contacte.<\/p>\n","protected":false},"excerpt":{"rendered":"<p>Pol\u00edtica relativa a l&#8217;\u00fas de cookies al lloc www.menorca-lodges.com Quan us connecteu per primera vegada al Lloc, un b\u00e0ner a la part inferior dreta de la pantalla us avisa que&#8230;<\/p>\n","protected":false},"author":1,"featured_media":0,"parent":0,"menu_order":0,"comment_status":"closed","ping_status":"closed","template":"","meta":{"inline_featured_image":false,"footnotes":""},"class_list":["post-2076","page","type-page","status-publish"],"aioseo_notices":[],"_links":{"self":[{"href":"https:\/\/menorcalodges.com\/ca\/wp-json\/wp\/v2\/pages\/2076","targetHints":{"allow":["GET"]}}],"collection":[{"href":"https:\/\/menorcalodges.com\/ca\/wp-json\/wp\/v2\/pages"}],"about":[{"href":"https:\/\/menorcalodges.com\/ca\/wp-json\/wp\/v2\/types\/page"}],"author":[{"embeddable":true,"href":"https:\/\/menorcalodges.com\/ca\/wp-json\/wp\/v2\/users\/1"}],"replies":[{"embeddable":true,"href":"https:\/\/menorcalodges.com\/ca\/wp-json\/wp\/v2\/comments?post=2076"}],"version-history":[{"count":2,"href":"https:\/\/menorcalodges.com\/ca\/wp-json\/wp\/v2\/pages\/2076\/revisions"}],"predecessor-version":[{"id":2199,"href":"https:\/\/menorcalodges.com\/ca\/wp-json\/wp\/v2\/pages\/2076\/revisions\/2199"}],"wp:attachment":[{"href":"https:\/\/menorcalodges.com\/ca\/wp-json\/wp\/v2\/media?parent=2076"}],"curies":[{"name":"wp","href":"https:\/\/api.w.org\/{rel}","templated":true}]}}